{"id":876,"date":"2023-01-24T15:23:27","date_gmt":"2023-01-24T14:23:27","guid":{"rendered":"http:\/\/segitunkhalehet.node8.macroweb.hu\/?post_type=product&#038;p=876"},"modified":"2023-01-24T15:23:27","modified_gmt":"2023-01-24T14:23:27","slug":"iszlam-maskepp","status":"publish","type":"product","link":"https:\/\/segitunkhalehet.hu\/en\/termek\/iszlam-maskepp\/","title":{"rendered":"Iszl\u00e1m m\u00e1sK\u00c9Pp"},"content":{"rendered":"<p><span data-sheets-value=\"{&quot;1&quot;:2,&quot;2&quot;:&quot;Az iszl\u00e1m egyike a vil\u00e1g nagy egyistenhit\u0171 vall\u00e1sainak, az emberis\u00e9g sz\u00e1mos nagyszer\u0171 v\u00edvm\u00e1nya a m\u00e1sf\u00e9l \u00e9vezreden \u00e1t\u00edvel\u0151 iszl\u00e1m kult\u00fara sz\u00fcl\u00f6tte. Nyugaton a vall\u00e1st t\u00f6bbnyire a fundamentalizmussal, a bigotts\u00e1ggal \u00e9s az er\u0151szakkal azonos\u00edtj\u00e1k, noha a F\u00f6ld lakoss\u00e1g\u00e1nak egy\u00f6t\u00f6de, k\u00f6zt\u00fck t\u00f6bb milli\u00f3 amerikai \u00e9s eur\u00f3pai, iszl\u00e1m h\u00edv\u0151. A New Yorkban \u00e9s Washingtonban elk\u00f6vetett 2001-es terrort\u00e1mad\u00e1sok csak feler\u0151s\u00edtett\u00e9k a vall\u00e1s negat\u00edv meg\u00edt\u00e9l\u00e9s\u00e9t. Az iszl\u00e1m l\u00e9nyege azonban t\u00e1vol \u00e1ll mindett\u0151l, \u00edgy tal\u00e1n ez a vil\u00e1g legkev\u00e9sb\u00e9 meg\u00e9rtett vall\u00e1sa. A k\u00e9zik\u00f6nyv v\u00e9gigk\u00f6veti az iszl\u00e1m t\u00f6rt\u00e9net\u00e9t a hatodik sz\u00e1zadt\u00f3l, amikor Mohamed pr\u00f3f\u00e9ta megsz\u00fcletett, eg\u00e9szen m\u00e1ig, mikorra a vall\u00e1s vil\u00e1gm\u00e9ret\u0171 kultur\u00e1lis \u00e9s politikai t\u00e9nyez\u0151v\u00e9 v\u00e1lt. Az Iszl\u00e1m m\u00e1sk\u00e9pp id\u0151szer\u0171 \u00e9s \u00e9lesl\u00e1t\u00f3: bemutatja, hogy a muzulm\u00e1nok mik\u00e9nt pr\u00f3b\u00e1lnak hit\u00fck szerint \u00e9lni, \u00e9s hogyan alkotnak \u00faj eszm\u00e9ket a globaliz\u00e1lt vil\u00e1gban.&quot;}\" data-sheets-userformat=\"{&quot;2&quot;:7105,&quot;3&quot;:{&quot;1&quot;:0},&quot;9&quot;:1,&quot;10&quot;:1,&quot;11&quot;:0,&quot;12&quot;:0,&quot;14&quot;:{&quot;1&quot;:2,&quot;2&quot;:0},&quot;15&quot;:&quot;Titillium Web&quot;}\">Az iszl\u00e1m egyike a vil\u00e1g nagy egyistenhit\u0171 vall\u00e1sainak, az emberis\u00e9g sz\u00e1mos nagyszer\u0171 v\u00edvm\u00e1nya a m\u00e1sf\u00e9l \u00e9vezreden \u00e1t\u00edvel\u0151 iszl\u00e1m kult\u00fara sz\u00fcl\u00f6tte. Nyugaton a vall\u00e1st t\u00f6bbnyire a fundamentalizmussal, a bigotts\u00e1ggal \u00e9s az er\u0151szakkal azonos\u00edtj\u00e1k, noha a F\u00f6ld lakoss\u00e1g\u00e1nak egy\u00f6t\u00f6de, k\u00f6zt\u00fck t\u00f6bb milli\u00f3 amerikai \u00e9s eur\u00f3pai, iszl\u00e1m h\u00edv\u0151. A New Yorkban \u00e9s Washingtonban elk\u00f6vetett 2001-es terrort\u00e1mad\u00e1sok csak feler\u0151s\u00edtett\u00e9k a vall\u00e1s negat\u00edv meg\u00edt\u00e9l\u00e9s\u00e9t. Az iszl\u00e1m l\u00e9nyege azonban t\u00e1vol \u00e1ll mindett\u0151l, \u00edgy tal\u00e1n ez a vil\u00e1g legkev\u00e9sb\u00e9 meg\u00e9rtett vall\u00e1sa. A k\u00e9zik\u00f6nyv v\u00e9gig k\u00f6veti az iszl\u00e1m t\u00f6rt\u00e9net\u00e9t a hatodik sz\u00e1zadt\u00f3l, amikor Mohamed pr\u00f3f\u00e9ta megsz\u00fcletett, eg\u00e9szen m\u00e1ig, mikorra a vall\u00e1s vil\u00e1gm\u00e9ret\u0171 kultur\u00e1lis \u00e9s politikai t\u00e9nyez\u0151v\u00e9 v\u00e1lt. Az Iszl\u00e1m m\u00e1sk\u00e9pp id\u0151szer\u0171 \u00e9s \u00e9lesl\u00e1t\u00f3: bemutatja, hogy a muzulm\u00e1nok mik\u00e9nt pr\u00f3b\u00e1lnak hit\u00fck szerint \u00e9lni, \u00e9s hogyan alkotnak \u00faj eszm\u00e9ket a globaliz\u00e1lt vil\u00e1gban.<\/span><\/p>\n","protected":false},"excerpt":{"rendered":"<p><span data-sheets-value=\"{&quot;1&quot;:2,&quot;2&quot;:&quot;Az Iszl\u00e1m m\u00e1sk\u00e9pp id\u0151szer\u0171 \u00e9s \u00e9lesl\u00e1t\u00f3: bemutatja, hogy a muzulm\u00e1nok mik\u00e9nt pr\u00f3b\u00e1lnak hit\u00fck szerint \u00e9lni, \u00e9s hogyan alkotnak \u00faj eszm\u00e9ket a globaliz\u00e1lt vil\u00e1gban.&quot;}\" data-sheets-userformat=\"{&quot;2&quot;:14977,&quot;3&quot;:{&quot;1&quot;:0},&quot;10&quot;:2,&quot;12&quot;:0,&quot;14&quot;:{&quot;1&quot;:2,&quot;2&quot;:0},&quot;15&quot;:&quot;Titillium Web&quot;,&quot;16&quot;:10}\">Az Iszl\u00e1m m\u00e1sk\u00e9pp id\u0151szer\u0171 \u00e9s \u00e9lesl\u00e1t\u00f3: bemutatja, hogy a muzulm\u00e1nok mik\u00e9nt pr\u00f3b\u00e1lnak hit\u00fck szerint \u00e9lni, \u00e9s hogyan alkotnak \u00faj eszm\u00e9ket a globaliz\u00e1lt vil\u00e1gban.<\/span><\/p>\n","protected":false},"featured_media":1378,"template":"","meta":[],"product_brand":[],"product_cat":[22],"product_tag":[],"class_list":{"0":"post-876","1":"product","2":"type-product","3":"status-publish","4":"has-post-thumbnail","6":"product_cat-konyvek","8":"first","9":"instock","10":"taxable","11":"shipping-taxable","12":"purchasable","13":"product-type-simple"},"jetpack_sharing_enabled":true,"_links":{"self":[{"href":"https:\/\/segitunkhalehet.hu\/en\/wp-json\/wp\/v2\/product\/876","targetHints":{"allow":["GET"]}}],"collection":[{"href":"https:\/\/segitunkhalehet.hu\/en\/wp-json\/wp\/v2\/product"}],"about":[{"href":"https:\/\/segitunkhalehet.hu\/en\/wp-json\/wp\/v2\/types\/product"}],"wp:featuredmedia":[{"embeddable":true,"href":"https:\/\/segitunkhalehet.hu\/en\/wp-json\/wp\/v2\/media\/1378"}],"wp:attachment":[{"href":"https:\/\/segitunkhalehet.hu\/en\/wp-json\/wp\/v2\/media?parent=876"}],"wp:term":[{"taxonomy":"product_brand","embeddable":true,"href":"https:\/\/segitunkhalehet.hu\/en\/wp-json\/wp\/v2\/product_brand?post=876"},{"taxonomy":"product_cat","embeddable":true,"href":"https:\/\/segitunkhalehet.hu\/en\/wp-json\/wp\/v2\/product_cat?post=876"},{"taxonomy":"product_tag","embeddable":true,"href":"https:\/\/segitunkhalehet.hu\/en\/wp-json\/wp\/v2\/product_tag?post=876"}],"curies":[{"name":"wp","href":"https:\/\/api.w.org\/{rel}","templated":true}]}}