{"id":875,"date":"2023-01-24T15:17:45","date_gmt":"2023-01-24T14:17:45","guid":{"rendered":"http:\/\/segitunkhalehet.node8.macroweb.hu\/?post_type=product&#038;p=875"},"modified":"2023-01-24T15:17:46","modified_gmt":"2023-01-24T14:17:46","slug":"kaoszelmelet-maskepp","status":"publish","type":"product","link":"https:\/\/segitunkhalehet.hu\/en\/termek\/kaoszelmelet-maskepp\/","title":{"rendered":"K\u00e1oszelm\u00e9let m\u00e1sK\u00c9Pp"},"content":{"rendered":"<p><span data-sheets-value=\"{&quot;1&quot;:2,&quot;2&quot;:&quot;Ha egy pillang\u00f3 Braz\u00edli\u00e1ban csap egyet a sz\u00e1rny\u00e1val, akkor torn\u00e1d\u00f3t okoz Texasban? A k\u00e1oszelm\u00e9let az ehhez hasonl\u00f3 zavarba ejt\u0151 k\u00e9rd\u00e9sekre keresi a v\u00e1laszt. A l\u00e1tsz\u00f3lag el\u0151rejelezhet\u0151 viselked\u00e9s\u0171 fizikai rendszerek v\u00e9letlenszer\u0171s\u00e9g\u00e9nek felfedez\u00e9se \u00faj tudom\u00e1ny\u00e1gat hozott l\u00e9tre, ami szerint a vil\u00e1gegyetem viselked\u00e9se sokkal kev\u00e9sb\u00e9 jelezhet\u0151 el\u0151re, mint eddig hitt\u00fck. A K\u00e1oszelm\u00e9let m\u00e1sk\u00e9pp elmagyar\u00e1zza, hogyan \u00e9rezteti jelenl\u00e9t\u00e9t a k\u00e1osz a legk\u00fcl\u00f6nf\u00e9l\u00e9bb esem\u00e9nyekben, az egyes \u00e1llatfajok l\u00e9leksz\u00e1m\u00e1nak ingadoz\u00e1s\u00e1t\u00f3l kezdve a t\u0151zsd\u00e9k m\u00e9ly- \u00e9s cs\u00facspontj\u00e1ig. A k\u00f6nyv emellett megvizsg\u00e1lja, mik\u00e9nt gy\u00f6kerezik a k\u00e1oszelm\u00e9let a modern matematik\u00e1ban \u00e9s fizik\u00e1ban, tov\u00e1bb felt\u00e1rja a k\u00e1osz \u00e9s az \u00f6sszetetts\u00e9g k\u00f6z\u00f6tti kapcsolatot, az \u00faj egys\u00e9ges elm\u00e9letet, ami arra utal, hogy minden \u00f6sszetett rendszer n\u00e9h\u00e1ny egyszer\u0171 t\u00f6rv\u00e9nyszer\u0171s\u00e9gb\u0151l alakul ki.&quot;}\" data-sheets-userformat=\"{&quot;2&quot;:7105,&quot;3&quot;:{&quot;1&quot;:0},&quot;9&quot;:1,&quot;10&quot;:1,&quot;11&quot;:0,&quot;12&quot;:0,&quot;14&quot;:{&quot;1&quot;:2,&quot;2&quot;:0},&quot;15&quot;:&quot;Titillium Web&quot;}\">Ha egy pillang\u00f3 Braz\u00edli\u00e1ban csap egyet a sz\u00e1rny\u00e1val, akkor torn\u00e1d\u00f3t okoz Texasban? A k\u00e1oszelm\u00e9let az ehhez hasonl\u00f3 zavarba ejt\u0151 k\u00e9rd\u00e9sekre keresi a v\u00e1laszt. A l\u00e1tsz\u00f3lag el\u0151rejelezhet\u0151 viselked\u00e9s\u0171 fizikai rendszerek v\u00e9letlenszer\u0171s\u00e9g\u00e9nek felfedez\u00e9se \u00faj tudom\u00e1ny\u00e1gat hozott l\u00e9tre, ami szerint a vil\u00e1gegyetem viselked\u00e9se sokkal kev\u00e9sb\u00e9 jelezhet\u0151 el\u0151re, mint eddig hitt\u00fck. A K\u00e1oszelm\u00e9let m\u00e1sk\u00e9pp elmagyar\u00e1zza, hogyan \u00e9rezteti jelenl\u00e9t\u00e9t a k\u00e1osz a legk\u00fcl\u00f6nf\u00e9l\u00e9bb esem\u00e9nyekben, az egyes \u00e1llatfajok l\u00e9leksz\u00e1m\u00e1nak ingadoz\u00e1s\u00e1t\u00f3l kezdve a t\u0151zsd\u00e9k m\u00e9ly- \u00e9s cs\u00facspontj\u00e1ig. A k\u00f6nyv emellett megvizsg\u00e1lja, mik\u00e9nt gy\u00f6kerezik a k\u00e1oszelm\u00e9let a modern matematik\u00e1ban \u00e9s fizik\u00e1ban, tov\u00e1bb felt\u00e1rja a k\u00e1osz \u00e9s az \u00f6sszetetts\u00e9g k\u00f6z\u00f6tti kapcsolatot, az \u00faj egys\u00e9ges elm\u00e9letet, ami arra utal, hogy minden \u00f6sszetett rendszer n\u00e9h\u00e1ny egyszer\u0171 t\u00f6rv\u00e9nyszer\u0171s\u00e9gb\u0151l alakul ki.<\/span><\/p>\n","protected":false},"excerpt":{"rendered":"<p><span data-sheets-value=\"{&quot;1&quot;:2,&quot;2&quot;:&quot;A k\u00f6nyv megvizsg\u00e1lja, mik\u00e9nt gy\u00f6kerezik a k\u00e1oszelm\u00e9let a modern matematik\u00e1ban \u00e9s fizik\u00e1ban, \u00faj egys\u00e9ges elm\u00e9letet alkot, ami arra utal, hogy minden n\u00e9h\u00e1ny egyszer\u0171 t\u00f6rv\u00e9nyszer\u0171s\u00e9gb\u0151l alakul ki.&quot;}\" data-sheets-userformat=\"{&quot;2&quot;:14977,&quot;3&quot;:{&quot;1&quot;:0},&quot;10&quot;:2,&quot;12&quot;:0,&quot;14&quot;:{&quot;1&quot;:2,&quot;2&quot;:0},&quot;15&quot;:&quot;Titillium Web&quot;,&quot;16&quot;:10}\">A k\u00f6nyv megvizsg\u00e1lja, mik\u00e9nt gy\u00f6kerezik a k\u00e1oszelm\u00e9let a modern matematik\u00e1ban \u00e9s fizik\u00e1ban, \u00faj egys\u00e9ges elm\u00e9letet alkot, ami arra utal, hogy minden n\u00e9h\u00e1ny egyszer\u0171 t\u00f6rv\u00e9nyszer\u0171s\u00e9gb\u0151l alakul ki.<\/span><\/p>\n","protected":false},"featured_media":1374,"template":"","meta":[],"product_brand":[],"product_cat":[22],"product_tag":[],"class_list":{"0":"post-875","1":"product","2":"type-product","3":"status-publish","4":"has-post-thumbnail","6":"product_cat-konyvek","8":"first","9":"instock","10":"taxable","11":"shipping-taxable","12":"purchasable","13":"product-type-simple"},"jetpack_sharing_enabled":true,"_links":{"self":[{"href":"https:\/\/segitunkhalehet.hu\/en\/wp-json\/wp\/v2\/product\/875","targetHints":{"allow":["GET"]}}],"collection":[{"href":"https:\/\/segitunkhalehet.hu\/en\/wp-json\/wp\/v2\/product"}],"about":[{"href":"https:\/\/segitunkhalehet.hu\/en\/wp-json\/wp\/v2\/types\/product"}],"wp:featuredmedia":[{"embeddable":true,"href":"https:\/\/segitunkhalehet.hu\/en\/wp-json\/wp\/v2\/media\/1374"}],"wp:attachment":[{"href":"https:\/\/segitunkhalehet.hu\/en\/wp-json\/wp\/v2\/media?parent=875"}],"wp:term":[{"taxonomy":"product_brand","embeddable":true,"href":"https:\/\/segitunkhalehet.hu\/en\/wp-json\/wp\/v2\/product_brand?post=875"},{"taxonomy":"product_cat","embeddable":true,"href":"https:\/\/segitunkhalehet.hu\/en\/wp-json\/wp\/v2\/product_cat?post=875"},{"taxonomy":"product_tag","embeddable":true,"href":"https:\/\/segitunkhalehet.hu\/en\/wp-json\/wp\/v2\/product_tag?post=875"}],"curies":[{"name":"wp","href":"https:\/\/api.w.org\/{rel}","templated":true}]}}