{"id":874,"date":"2023-01-24T15:13:56","date_gmt":"2023-01-24T14:13:56","guid":{"rendered":"http:\/\/segitunkhalehet.node8.macroweb.hu\/?post_type=product&#038;p=874"},"modified":"2023-01-24T15:13:56","modified_gmt":"2023-01-24T14:13:56","slug":"a-konfliktus-az-elet-resze-a-haboru-elkerulheto","status":"publish","type":"product","link":"https:\/\/segitunkhalehet.hu\/en\/termek\/a-konfliktus-az-elet-resze-a-haboru-elkerulheto\/","title":{"rendered":"A konfliktus az \u00e9let r\u00e9sze a h\u00e1bor\u00fa elker\u00fclhet\u0151"},"content":{"rendered":"<p><span data-sheets-value=\"{&quot;1&quot;:2,&quot;2&quot;:&quot;A k\u00f6nyv szerz\u0151i egy saj\u00e1tos szemsz\u00f6gb\u0151l, a nagy humanisztikus pszichol\u00f3gus, Carl Rogers nev\u00e9vel f\u00e9mjelzett szem\u00e9lyk\u00f6zpont\u00fa megk\u00f6zel\u00edt\u00e9s elm\u00e9lete alapj\u00e1n k\u00f6zel\u00edtenek a konfliktusokhoz. Carl Rogers, a kliensk\u00f6zpont\u00fa pszichoter\u00e1pia, a tanul\u00f3k\u00f6zpont\u00fa iskola, a csoportk\u00f6zpont\u00fa vezet\u00e9s l\u00e9nyeg\u00e9t alkot\u00f3 \\&quot;l\u00e9tez\u00e9si m\u00f3d\\&quot; kutat\u00f3ja \u00e9lete v\u00e9g\u00e9n egyre ink\u00e1bb a konfliktusmegold\u00e1s, a b\u00e9keteremt\u00e9s ir\u00e1nt kezdett \u00e9rdekl\u0151dni. A szem\u00e9lyk\u00f6zpont\u00fa megk\u00f6zel\u00edt\u00e9s az\u00e1ltal \u00e9r el sikereket a konfliktusok megold\u00e1s\u00e1ban, a b\u00e9keteremt\u00e9sben, hogy el\u0151seg\u00edti \u00f6nmagunk m\u00e9lyebb meg\u00e9rt\u00e9s\u00e9t, szem\u00e9lyis\u00e9g\u00fcnk fejl\u0151d\u00e9s\u00e9t.&quot;}\" data-sheets-userformat=\"{&quot;2&quot;:7105,&quot;3&quot;:{&quot;1&quot;:0},&quot;9&quot;:1,&quot;10&quot;:1,&quot;11&quot;:0,&quot;12&quot;:0,&quot;14&quot;:{&quot;1&quot;:2,&quot;2&quot;:0},&quot;15&quot;:&quot;Titillium Web&quot;}\">A konfliktus az \u00e9let r\u00e9sze a h\u00e1bor\u00fa elker\u00fclhet\u0151 c\u00edm\u0171 k\u00f6nyv szerz\u0151i egy saj\u00e1tos szemsz\u00f6gb\u0151l, a nagy humanisztikus pszichol\u00f3gus, Carl Rogers nev\u00e9vel f\u00e9mjelzett szem\u00e9lyk\u00f6zpont\u00fa megk\u00f6zel\u00edt\u00e9s elm\u00e9lete alapj\u00e1n k\u00f6zel\u00edtenek a konfliktusokhoz. Carl Rogers, a kliensk\u00f6zpont\u00fa pszichoter\u00e1pia, a tanul\u00f3k\u00f6zpont\u00fa iskola, a csoportk\u00f6zpont\u00fa vezet\u00e9s l\u00e9nyeg\u00e9t alkot\u00f3 &#8220;l\u00e9tez\u00e9si m\u00f3d&#8221; kutat\u00f3ja \u00e9lete v\u00e9g\u00e9n egyre ink\u00e1bb a konfliktusmegold\u00e1s, a b\u00e9keteremt\u00e9s ir\u00e1nt kezdett \u00e9rdekl\u0151dni. A szem\u00e9lyk\u00f6zpont\u00fa megk\u00f6zel\u00edt\u00e9s az\u00e1ltal \u00e9r el sikereket a konfliktusok megold\u00e1s\u00e1ban, a b\u00e9keteremt\u00e9sben, hogy el\u0151seg\u00edti \u00f6nmagunk m\u00e9lyebb meg\u00e9rt\u00e9s\u00e9t, szem\u00e9lyis\u00e9g\u00fcnk fejl\u0151d\u00e9s\u00e9t.<\/span><\/p>\n","protected":false},"excerpt":{"rendered":"<p><span data-sheets-value=\"{&quot;1&quot;:2,&quot;2&quot;:&quot;A k\u00f6nyv szerz\u0151i egy saj\u00e1tos szemsz\u00f6gb\u0151l, a nagy humanisztikus pszichol\u00f3gus, Carl Rogers nev\u00e9vel f\u00e9mjelzett szem\u00e9lyk\u00f6zpont\u00fa megk\u00f6zel\u00edt\u00e9s elm\u00e9lete alapj\u00e1n k\u00f6zel\u00edtenek a konfliktusokhoz.&quot;}\" data-sheets-userformat=\"{&quot;2&quot;:14977,&quot;3&quot;:{&quot;1&quot;:0},&quot;10&quot;:2,&quot;12&quot;:0,&quot;14&quot;:{&quot;1&quot;:2,&quot;2&quot;:0},&quot;15&quot;:&quot;Titillium Web&quot;,&quot;16&quot;:10}\">A k\u00f6nyv szerz\u0151i egy saj\u00e1tos szemsz\u00f6gb\u0151l, a nagy humanisztikus pszichol\u00f3gus, Carl Rogers nev\u00e9vel f\u00e9mjelzett szem\u00e9lyk\u00f6zpont\u00fa megk\u00f6zel\u00edt\u00e9s elm\u00e9lete alapj\u00e1n k\u00f6zel\u00edtenek a konfliktusokhoz.<\/span><\/p>\n","protected":false},"featured_media":1369,"template":"","meta":[],"product_brand":[],"product_cat":[22],"product_tag":[],"class_list":{"0":"post-874","1":"product","2":"type-product","3":"status-publish","4":"has-post-thumbnail","6":"product_cat-konyvek","8":"first","9":"instock","10":"taxable","11":"shipping-taxable","12":"purchasable","13":"product-type-simple"},"jetpack_sharing_enabled":true,"_links":{"self":[{"href":"https:\/\/segitunkhalehet.hu\/en\/wp-json\/wp\/v2\/product\/874","targetHints":{"allow":["GET"]}}],"collection":[{"href":"https:\/\/segitunkhalehet.hu\/en\/wp-json\/wp\/v2\/product"}],"about":[{"href":"https:\/\/segitunkhalehet.hu\/en\/wp-json\/wp\/v2\/types\/product"}],"wp:featuredmedia":[{"embeddable":true,"href":"https:\/\/segitunkhalehet.hu\/en\/wp-json\/wp\/v2\/media\/1369"}],"wp:attachment":[{"href":"https:\/\/segitunkhalehet.hu\/en\/wp-json\/wp\/v2\/media?parent=874"}],"wp:term":[{"taxonomy":"product_brand","embeddable":true,"href":"https:\/\/segitunkhalehet.hu\/en\/wp-json\/wp\/v2\/product_brand?post=874"},{"taxonomy":"product_cat","embeddable":true,"href":"https:\/\/segitunkhalehet.hu\/en\/wp-json\/wp\/v2\/product_cat?post=874"},{"taxonomy":"product_tag","embeddable":true,"href":"https:\/\/segitunkhalehet.hu\/en\/wp-json\/wp\/v2\/product_tag?post=874"}],"curies":[{"name":"wp","href":"https:\/\/api.w.org\/{rel}","templated":true}]}}