{"id":873,"date":"2023-01-24T15:08:48","date_gmt":"2023-01-24T14:08:48","guid":{"rendered":"http:\/\/segitunkhalehet.node8.macroweb.hu\/?post_type=product&#038;p=873"},"modified":"2023-01-24T15:08:48","modified_gmt":"2023-01-24T14:08:48","slug":"szociologia-maskepp","status":"publish","type":"product","link":"https:\/\/segitunkhalehet.hu\/en\/termek\/szociologia-maskepp\/","title":{"rendered":"Szociol\u00f3gia m\u00e1sK\u00c9Pp"},"content":{"rendered":"<p><span data-sheets-value=\"{&quot;1&quot;:2,&quot;2&quot;:&quot;Mi a szociol\u00f3gia? A t\u00e1rsadalom m\u0171k\u00f6d\u00e9si elv\u00e9nek \u2013 vagy egyes esetekben m\u0171k\u00f6d\u00e9sk\u00e9ptelens\u00e9g\u00e9nek \u2013 tanulm\u00e1nyoz\u00e1s\u00e1ra hivatott tudom\u00e1ny. Az egym\u00e1ssal verseng\u0151 szociol\u00f3giai iskol\u00e1k a t\u00e1rsadalmi jelens\u00e9gek megfigyel\u00e9seit k\u00fcl\u00f6nb\u00f6z\u0151 elm\u00e9leti rendszerekbe pr\u00f3b\u00e1lt\u00e1k beilleszteni.\\n A Szociol\u00f3gia m\u00e1sk\u00e9pp id\u0151rendben v\u00e9gighalad a szociol\u00f3giai iskol\u00e1kon Auguste Comte, Karl Marx, Herbert Spencer, \u00c9mile Durkheim, Max Weber elm\u00e9leteinek bemutat\u00e1s\u00e1t\u00f3l a 20. sz\u00e1zadi Talcott Parsons, a chicag\u00f3i iskola \u00e9s a strukturalizmus ismertet\u00e9s\u00e9ig. Bemutatja a szociol\u00f3gia alapfogalmait \u00e9s kutat\u00e1si m\u00f3dszereit. Nem csup\u00e1n a szociol\u00f3gi\u00e1t tanul\u00f3 di\u00e1kok, a t\u00e1rsadalom m\u0171k\u00f6d\u00e9s\u00e9re k\u00edv\u00e1ncsi nagyk\u00f6z\u00f6ns\u00e9g \u00e9rdekl\u0151d\u00e9s\u00e9re is sz\u00e1m\u00edt.&quot;}\" data-sheets-userformat=\"{&quot;2&quot;:7105,&quot;3&quot;:{&quot;1&quot;:0},&quot;9&quot;:1,&quot;10&quot;:1,&quot;11&quot;:0,&quot;12&quot;:0,&quot;14&quot;:{&quot;1&quot;:2,&quot;2&quot;:0},&quot;15&quot;:&quot;Titillium Web&quot;}\">Mi a szociol\u00f3gia? A t\u00e1rsadalom m\u0171k\u00f6d\u00e9si elv\u00e9nek \u2013 vagy egyes esetekben m\u0171k\u00f6d\u00e9sk\u00e9ptelens\u00e9g\u00e9nek \u2013 tanulm\u00e1nyoz\u00e1s\u00e1ra hivatott tudom\u00e1ny. Az egym\u00e1ssal verseng\u0151 szociol\u00f3giai iskol\u00e1k a t\u00e1rsadalmi jelens\u00e9gek megfigyel\u00e9seit k\u00fcl\u00f6nb\u00f6z\u0151 elm\u00e9leti rendszerekbe pr\u00f3b\u00e1lt\u00e1k beilleszteni.<br \/>\nA Szociol\u00f3gia m\u00e1sk\u00e9pp id\u0151rendben v\u00e9gighalad a szociol\u00f3giai iskol\u00e1kon Auguste Comte, Karl Marx, Herbert Spencer, \u00c9mile Durkheim, Max Weber elm\u00e9leteinek bemutat\u00e1s\u00e1t\u00f3l a 20. sz\u00e1zadi Talcott Parsons, a chicag\u00f3i iskola \u00e9s a strukturalizmus ismertet\u00e9s\u00e9ig. Bemutatja a szociol\u00f3gia alapfogalmait \u00e9s kutat\u00e1si m\u00f3dszereit. Nem csup\u00e1n a szociol\u00f3gi\u00e1t tanul\u00f3 di\u00e1kok, a t\u00e1rsadalom m\u0171k\u00f6d\u00e9s\u00e9re k\u00edv\u00e1ncsi nagyk\u00f6z\u00f6ns\u00e9g \u00e9rdekl\u0151d\u00e9s\u00e9re is sz\u00e1m\u00edt.<\/span><\/p>\n","protected":false},"excerpt":{"rendered":"<p><span data-sheets-value=\"{&quot;1&quot;:2,&quot;2&quot;:&quot;A Szociol\u00f3gia m\u00e1sk\u00e9pp id\u0151rendben v\u00e9gighalad a szociol\u00f3giai iskol\u00e1kon Auguste Comte-t\u00f3l, a strukturalizmus ismertet\u00e9s\u00e9ig.&quot;}\" data-sheets-userformat=\"{&quot;2&quot;:14977,&quot;3&quot;:{&quot;1&quot;:0},&quot;10&quot;:2,&quot;12&quot;:0,&quot;14&quot;:{&quot;1&quot;:2,&quot;2&quot;:0},&quot;15&quot;:&quot;Titillium Web&quot;,&quot;16&quot;:10}\">A Szociol\u00f3gia m\u00e1sk\u00e9pp id\u0151rendben v\u00e9gighalad a szociol\u00f3giai iskol\u00e1kon Auguste Comte-t\u00f3l, a strukturalizmus ismertet\u00e9s\u00e9ig.<\/span><\/p>\n","protected":false},"featured_media":1365,"template":"","meta":[],"product_brand":[],"product_cat":[22],"product_tag":[],"class_list":{"0":"post-873","1":"product","2":"type-product","3":"status-publish","4":"has-post-thumbnail","6":"product_cat-konyvek","8":"first","9":"instock","10":"taxable","11":"shipping-taxable","12":"purchasable","13":"product-type-simple"},"jetpack_sharing_enabled":true,"_links":{"self":[{"href":"https:\/\/segitunkhalehet.hu\/en\/wp-json\/wp\/v2\/product\/873","targetHints":{"allow":["GET"]}}],"collection":[{"href":"https:\/\/segitunkhalehet.hu\/en\/wp-json\/wp\/v2\/product"}],"about":[{"href":"https:\/\/segitunkhalehet.hu\/en\/wp-json\/wp\/v2\/types\/product"}],"wp:featuredmedia":[{"embeddable":true,"href":"https:\/\/segitunkhalehet.hu\/en\/wp-json\/wp\/v2\/media\/1365"}],"wp:attachment":[{"href":"https:\/\/segitunkhalehet.hu\/en\/wp-json\/wp\/v2\/media?parent=873"}],"wp:term":[{"taxonomy":"product_brand","embeddable":true,"href":"https:\/\/segitunkhalehet.hu\/en\/wp-json\/wp\/v2\/product_brand?post=873"},{"taxonomy":"product_cat","embeddable":true,"href":"https:\/\/segitunkhalehet.hu\/en\/wp-json\/wp\/v2\/product_cat?post=873"},{"taxonomy":"product_tag","embeddable":true,"href":"https:\/\/segitunkhalehet.hu\/en\/wp-json\/wp\/v2\/product_tag?post=873"}],"curies":[{"name":"wp","href":"https:\/\/api.w.org\/{rel}","templated":true}]}}