{"id":872,"date":"2023-01-24T15:03:18","date_gmt":"2023-01-24T14:03:18","guid":{"rendered":"http:\/\/segitunkhalehet.node8.macroweb.hu\/?post_type=product&#038;p=872"},"modified":"2023-01-24T15:03:18","modified_gmt":"2023-01-24T14:03:18","slug":"az-eletfa","status":"publish","type":"product","link":"https:\/\/segitunkhalehet.hu\/en\/termek\/az-eletfa\/","title":{"rendered":"Az \u00c9letfa"},"content":{"rendered":"<p><span data-sheets-value=\"{&quot;1&quot;:2,&quot;2&quot;:&quot;Az \u00c9letfa \u00e9s a Vil\u00e1gker\u00e9k az indi\u00e1nok b\u00f6lcsess\u00e9g\u00e9t foglalja \u00f6ssze. A k\u00fcl\u00f6nb\u00f6z\u0151 t\u00f6rzsek v\u00e9nei \u00f6sszefogtak, hogy az \u0151si indi\u00e1n \u00e9rt\u00e9kek, hagyom\u00e1nyok ne vesszenek el, ir\u00e1nyt mutassanak a fiataloknak, mert hisznek abban, hogy ez eg\u00e9sz F\u00f6ld\u00fcnk gy\u00f3gyul\u00e1s\u00e1t szolg\u00e1lja.\\n A k\u00f6nyv eredeti c\u00e9lja az indi\u00e1n k\u00f6z\u00f6ss\u00e9gekben terjed\u0151 k\u00e1b\u00edt\u00f3szer- \u00e9s alkoholfogyaszt\u00e1s visszaszor\u00edt\u00e1sa volt. Siker\u00e9n felbuzdulva d\u00f6nt\u00f6tt \u00fagy az indi\u00e1n t\u00f6rzseket \u00f6sszefog\u00f3 N\u00e9gy Vil\u00e1g Fejleszt\u0151 Projekt, hogy a k\u00f6nyv tan\u00edt\u00e1sait minden fejl\u0151dni v\u00e1gy\u00f3 ember rendelkez\u00e9s\u00e9re bocs\u00e1tja.\\n B\u00edzunk abban, hogy a k\u00f6nyv angol \u00e9s spanyol nyelv\u0171 kiad\u00e1sa ut\u00e1n ez a magyar nyelv\u0171 kiad\u00e1s is az emberek b\u00e9k\u00e9s, boldog, teljes \u00e9let\u00e9t szolg\u00e1lja.\\n \u201eA F\u00f6ld\u00f6n szertesz\u00e9t \u00e9l\u0151 bennsz\u00fcl\u00f6tt t\u00f6rzseknek, n\u00e9peknek aj\u00e1nljuk ezt a k\u00f6nyvet. Az \u0151 szent l\u00e1tom\u00e1saikb\u00f3l, \u00e1lmaikb\u00f3l, im\u00e1ikb\u00f3l, \u00e9nekeikb\u0151l, b\u00f6lcsess\u00e9g\u00fckb\u0151l, tapasztalatukb\u00f3l, \u00fatmutat\u00e1sukb\u00f3l n\u0151tt ki az \u00c9letfa.\u201d&quot;}\" data-sheets-userformat=\"{&quot;2&quot;:7105,&quot;3&quot;:{&quot;1&quot;:0},&quot;9&quot;:1,&quot;10&quot;:1,&quot;11&quot;:0,&quot;12&quot;:0,&quot;14&quot;:{&quot;1&quot;:2,&quot;2&quot;:0},&quot;15&quot;:&quot;Titillium Web&quot;}\">Az \u00c9letfa \u00e9s a Vil\u00e1gker\u00e9k az indi\u00e1nok b\u00f6lcsess\u00e9g\u00e9t foglalja \u00f6ssze. A k\u00fcl\u00f6nb\u00f6z\u0151 t\u00f6rzsek v\u00e9nei \u00f6sszefogtak, hogy az \u0151si indi\u00e1n \u00e9rt\u00e9kek, hagyom\u00e1nyok ne vesszenek el, ir\u00e1nyt mutassanak a fiataloknak, mert hisznek abban, hogy ez eg\u00e9sz F\u00f6ld\u00fcnk gy\u00f3gyul\u00e1s\u00e1t szolg\u00e1lja.<br \/>\nA k\u00f6nyv eredeti c\u00e9lja az indi\u00e1n k\u00f6z\u00f6ss\u00e9gekben terjed\u0151 k\u00e1b\u00edt\u00f3szer- \u00e9s alkoholfogyaszt\u00e1s visszaszor\u00edt\u00e1sa volt. Siker\u00e9n felbuzdulva d\u00f6nt\u00f6tt \u00fagy az indi\u00e1n t\u00f6rzseket \u00f6sszefog\u00f3 N\u00e9gy Vil\u00e1g Fejleszt\u0151 Projekt, hogy a k\u00f6nyv tan\u00edt\u00e1sait minden fejl\u0151dni v\u00e1gy\u00f3 ember rendelkez\u00e9s\u00e9re bocs\u00e1tja.<br \/>\nB\u00edzunk abban, hogy a k\u00f6nyv angol \u00e9s spanyol nyelv\u0171 kiad\u00e1sa ut\u00e1n ez a magyar nyelv\u0171 kiad\u00e1s is az emberek b\u00e9k\u00e9s, boldog, teljes \u00e9let\u00e9t szolg\u00e1lja.<br \/>\n\u201eA F\u00f6ld\u00f6n szertesz\u00e9t \u00e9l\u0151 bennsz\u00fcl\u00f6tt t\u00f6rzseknek, n\u00e9peknek aj\u00e1nljuk ezt a k\u00f6nyvet. Az \u0151 szent l\u00e1tom\u00e1saikb\u00f3l, \u00e1lmaikb\u00f3l, im\u00e1ikb\u00f3l, \u00e9nekeikb\u0151l, b\u00f6lcsess\u00e9g\u00fckb\u0151l, tapasztalatukb\u00f3l, \u00fatmutat\u00e1sukb\u00f3l n\u0151tt ki az \u00c9letfa.\u201d<\/span><\/p>\n","protected":false},"excerpt":{"rendered":"<p><span data-sheets-value=\"{&quot;1&quot;:2,&quot;2&quot;:&quot;A k\u00fcl\u00f6nb\u00f6z\u0151 t\u00f6rzsek v\u00e9nei \u00f6sszefogtak, hogy az \u0151si indi\u00e1n \u00e9rt\u00e9kek, hagyom\u00e1nyok, ir\u00e1nyt mutassanak a fiataloknak, mert hisznek abban, hogy ez eg\u00e9sz F\u00f6ld\u00fcnk gy\u00f3gyul\u00e1s\u00e1t szolg\u00e1lja.&quot;}\" data-sheets-userformat=\"{&quot;2&quot;:14977,&quot;3&quot;:{&quot;1&quot;:0},&quot;10&quot;:2,&quot;12&quot;:0,&quot;14&quot;:{&quot;1&quot;:2,&quot;2&quot;:0},&quot;15&quot;:&quot;Titillium Web&quot;,&quot;16&quot;:10}\">A k\u00fcl\u00f6nb\u00f6z\u0151 t\u00f6rzsek v\u00e9nei \u00f6sszefogtak, hogy az \u0151si indi\u00e1n \u00e9rt\u00e9kek, hagyom\u00e1nyok, ir\u00e1nyt mutassanak a fiataloknak, mert hisznek abban, hogy ez eg\u00e9sz F\u00f6ld\u00fcnk gy\u00f3gyul\u00e1s\u00e1t szolg\u00e1lja.<\/span><\/p>\n","protected":false},"featured_media":1359,"template":"","meta":[],"product_brand":[],"product_cat":[22],"product_tag":[],"class_list":{"0":"post-872","1":"product","2":"type-product","3":"status-publish","4":"has-post-thumbnail","6":"product_cat-konyvek","8":"first","9":"instock","10":"taxable","11":"shipping-taxable","12":"purchasable","13":"product-type-simple"},"jetpack_sharing_enabled":true,"_links":{"self":[{"href":"https:\/\/segitunkhalehet.hu\/en\/wp-json\/wp\/v2\/product\/872","targetHints":{"allow":["GET"]}}],"collection":[{"href":"https:\/\/segitunkhalehet.hu\/en\/wp-json\/wp\/v2\/product"}],"about":[{"href":"https:\/\/segitunkhalehet.hu\/en\/wp-json\/wp\/v2\/types\/product"}],"wp:featuredmedia":[{"embeddable":true,"href":"https:\/\/segitunkhalehet.hu\/en\/wp-json\/wp\/v2\/media\/1359"}],"wp:attachment":[{"href":"https:\/\/segitunkhalehet.hu\/en\/wp-json\/wp\/v2\/media?parent=872"}],"wp:term":[{"taxonomy":"product_brand","embeddable":true,"href":"https:\/\/segitunkhalehet.hu\/en\/wp-json\/wp\/v2\/product_brand?post=872"},{"taxonomy":"product_cat","embeddable":true,"href":"https:\/\/segitunkhalehet.hu\/en\/wp-json\/wp\/v2\/product_cat?post=872"},{"taxonomy":"product_tag","embeddable":true,"href":"https:\/\/segitunkhalehet.hu\/en\/wp-json\/wp\/v2\/product_tag?post=872"}],"curies":[{"name":"wp","href":"https:\/\/api.w.org\/{rel}","templated":true}]}}