{"id":870,"date":"2023-01-24T14:47:41","date_gmt":"2023-01-24T13:47:41","guid":{"rendered":"http:\/\/segitunkhalehet.node8.macroweb.hu\/?post_type=product&#038;p=870"},"modified":"2023-01-24T14:47:41","modified_gmt":"2023-01-24T13:47:41","slug":"public-relations","status":"publish","type":"product","link":"https:\/\/segitunkhalehet.hu\/en\/termek\/public-relations\/","title":{"rendered":"Public Relations"},"content":{"rendered":"<p><span data-sheets-value=\"{&quot;1&quot;:2,&quot;2&quot;:&quot;A Public Relations a bizalom\u00e9p\u00edt\u00e9s m\u0171v\u00e9szete. Megfelel\u0151 alkalmaz\u00e1s\u00e1hoz legink\u00e1bb tisztess\u00e9g, \u0151szintes\u00e9g, megb\u00edzhat\u00f3s\u00e1g, a kellemetlen dolgok \u00e9s az el\u0151ny\u00f6k egy\u00fcttes v\u00e1llal\u00e1sa sz\u00fcks\u00e9ges. A k\u00f6tet sz\u00e1mos gyakorlati p\u00e9ld\u00e1val illusztr\u00e1lja, hogy mit\u0151l v\u00e1lik m\u0171v\u00e9szett\u00e9 egy szervezet ir\u00e1nti bizalom fel\u00e9p\u00edt\u00e9se \u00e9s megtart\u00e1sa. A k\u00f6nyv v\u00e9g\u00e9re vil\u00e1goss\u00e1 v\u00e1lik, hogy a PR nem m\u00e1s, mint egy szervezet kommunik\u00e1ci\u00f3ja, aminek r\u00e9v\u00e9n a k\u00f6rnyezetben kialakul a pozit\u00edv k\u00e9pm\u00e1s, a bizalmat \u00e9breszt\u0151 im\u00e1zs.&quot;}\" data-sheets-userformat=\"{&quot;2&quot;:7105,&quot;3&quot;:{&quot;1&quot;:0},&quot;9&quot;:1,&quot;10&quot;:1,&quot;11&quot;:0,&quot;12&quot;:0,&quot;14&quot;:{&quot;1&quot;:2,&quot;2&quot;:0},&quot;15&quot;:&quot;Titillium Web&quot;}\">A Public Relations a bizalom\u00e9p\u00edt\u00e9s m\u0171v\u00e9szete. Megfelel\u0151 alkalmaz\u00e1s\u00e1hoz legink\u00e1bb tisztess\u00e9g, \u0151szintes\u00e9g, megb\u00edzhat\u00f3s\u00e1g, a kellemetlen dolgok \u00e9s az el\u0151ny\u00f6k egy\u00fcttes v\u00e1llal\u00e1sa sz\u00fcks\u00e9ges. A k\u00f6tet sz\u00e1mos gyakorlati p\u00e9ld\u00e1val illusztr\u00e1lja, hogy mit\u0151l v\u00e1lik m\u0171v\u00e9szett\u00e9 egy szervezet ir\u00e1nti bizalom fel\u00e9p\u00edt\u00e9se \u00e9s megtart\u00e1sa. A k\u00f6nyv v\u00e9g\u00e9re vil\u00e1goss\u00e1 v\u00e1lik, hogy a PR nem m\u00e1s, mint egy szervezet kommunik\u00e1ci\u00f3ja, aminek r\u00e9v\u00e9n a k\u00f6rnyezetben kialakul a pozit\u00edv k\u00e9pm\u00e1s, a bizalmat \u00e9breszt\u0151 im\u00e1zs.<\/span><\/p>\n","protected":false},"excerpt":{"rendered":"<p><span data-sheets-value=\"{&quot;1&quot;:2,&quot;2&quot;:&quot;A Public Relations a bizalom\u00e9p\u00edt\u00e9s m\u0171v\u00e9szete. A k\u00f6tet sz\u00e1mos gyakorlati p\u00e9ld\u00e1val illusztr\u00e1lja, hogy mit\u0151l v\u00e1lik m\u0171v\u00e9szett\u00e9 egy szervezet ir\u00e1nti bizalom fel\u00e9p\u00edt\u00e9se \u00e9s megtart\u00e1sa.&quot;}\" data-sheets-userformat=\"{&quot;2&quot;:14977,&quot;3&quot;:{&quot;1&quot;:0},&quot;10&quot;:2,&quot;12&quot;:0,&quot;14&quot;:{&quot;1&quot;:2,&quot;2&quot;:0},&quot;15&quot;:&quot;Titillium Web&quot;,&quot;16&quot;:10}\">A Public Relations a bizalom\u00e9p\u00edt\u00e9s m\u0171v\u00e9szete. A k\u00f6tet sz\u00e1mos gyakorlati p\u00e9ld\u00e1val illusztr\u00e1lja, hogy mit\u0151l v\u00e1lik m\u0171v\u00e9szett\u00e9 egy szervezet ir\u00e1nti bizalom fel\u00e9p\u00edt\u00e9se \u00e9s megtart\u00e1sa.<\/span><\/p>\n","protected":false},"featured_media":1350,"template":"","meta":[],"product_brand":[],"product_cat":[22],"product_tag":[],"class_list":{"0":"post-870","1":"product","2":"type-product","3":"status-publish","4":"has-post-thumbnail","6":"product_cat-konyvek","8":"first","9":"instock","10":"taxable","11":"shipping-taxable","12":"purchasable","13":"product-type-simple"},"jetpack_sharing_enabled":true,"_links":{"self":[{"href":"https:\/\/segitunkhalehet.hu\/en\/wp-json\/wp\/v2\/product\/870","targetHints":{"allow":["GET"]}}],"collection":[{"href":"https:\/\/segitunkhalehet.hu\/en\/wp-json\/wp\/v2\/product"}],"about":[{"href":"https:\/\/segitunkhalehet.hu\/en\/wp-json\/wp\/v2\/types\/product"}],"wp:featuredmedia":[{"embeddable":true,"href":"https:\/\/segitunkhalehet.hu\/en\/wp-json\/wp\/v2\/media\/1350"}],"wp:attachment":[{"href":"https:\/\/segitunkhalehet.hu\/en\/wp-json\/wp\/v2\/media?parent=870"}],"wp:term":[{"taxonomy":"product_brand","embeddable":true,"href":"https:\/\/segitunkhalehet.hu\/en\/wp-json\/wp\/v2\/product_brand?post=870"},{"taxonomy":"product_cat","embeddable":true,"href":"https:\/\/segitunkhalehet.hu\/en\/wp-json\/wp\/v2\/product_cat?post=870"},{"taxonomy":"product_tag","embeddable":true,"href":"https:\/\/segitunkhalehet.hu\/en\/wp-json\/wp\/v2\/product_tag?post=870"}],"curies":[{"name":"wp","href":"https:\/\/api.w.org\/{rel}","templated":true}]}}