{"id":868,"date":"2023-01-24T14:31:35","date_gmt":"2023-01-24T13:31:35","guid":{"rendered":"http:\/\/segitunkhalehet.node8.macroweb.hu\/?post_type=product&#038;p=868"},"modified":"2023-01-24T14:31:35","modified_gmt":"2023-01-24T13:31:35","slug":"kulturak-kozotti-kommunikacio","status":"publish","type":"product","link":"https:\/\/segitunkhalehet.hu\/en\/termek\/kulturak-kozotti-kommunikacio\/","title":{"rendered":"Kult\u00far\u00e1k k\u00f6z\u00f6tti kommunik\u00e1ci\u00f3"},"content":{"rendered":"<p><span data-sheets-value=\"{&quot;1&quot;:2,&quot;2&quot;:&quot;Egy \u00e9letem, egy hal\u00e1lom...\\n Az olvas\u00f3 \\&quot;sz\u00f6veggy\u0171jtem\u00e9nyt\\&quot; tart a kez\u00e9ben, a sz\u00f3 szoros \u00e9rtelm\u00e9ben: olyan sz\u00f6vegek gy\u0171jtem\u00e9ny\u00e9t, amelyeket szerz\u0151ik a 2009-es szegedi \\&quot;Kult\u00far\u00e1k K\u00f6z\u00f6tti Kommunik\u00e1ci\u00f3\\&quot; c\u00edm\u0171 szem\u00e9lyk\u00f6zpont\u00fa tal\u00e1lkoz\u00f3 alkalm\u00e1b\u00f3l k\u00e9sz\u00edtettek, vagy eleven\u00edtettek fel, abb\u00f3l a c\u00e9lb\u00f3l, hogy a tematikus \u00fcl\u00e9seken foly\u00f3 besz\u00e9lget\u00e9s, vita tartalmasabb, c\u00e9lrat\u00f6r\u0151bb lehessen. A gy\u0171jtem\u00e9ny ez\u00e9rt n\u00e9mileg esetleges \u00e9s egyenetlen sz\u00ednvonal\u00fa, de tal\u00e1n \u00e9ppen ily m\u00f3don t\u00fckr\u00f6zi a szem\u00e9lyk\u00f6zpont\u00fa megk\u00f6zel\u00edt\u00e9s hazai helyzet\u00e9nek val\u00f3s\u00e1g\u00e1t. (A k\u00f6tet v\u00e9g\u00e9n tal\u00e1lhat\u00f3 k\u00e9t angol nyelv\u0171 dolgozat betekint\u00e9st enged abba, hogy mivel foglalkoznak az ir\u00e1nyzat k\u00fclf\u00f6ldi k\u00e9pvisel\u0151i.)\\n Az \u00edr\u00e1sok az \u00e9let \u00e9s hal\u00e1l l\u00e9nyeges k\u00e9rd\u00e9seit \u00e9rintik. Minthogy az \u00f6sszej\u00f6vetel sok r\u00e9sztvev\u0151je pedag\u00f3gus, \u00edgy szinte term\u00e9szetes, hogy a tanul\u00f3k\u00f6zpont\u00fa iskola sz\u00fcks\u00e9gess\u00e9ge, lehet\u0151s\u00e9gei megfelel\u0151 s\u00fallyal szerepelnek a k\u00f6tetben. De a k\u00f6tet tematik\u00e1ja \u00e1tfogja a \\&quot;sz\u00fcl\u00e9s-sz\u00fclet\u00e9s miszt\u00e9riuma\\&quot; \u00e9s \\&quot;az \u00e9let nagyon \u00e9rt\u00e9kes utols\u00f3 pillanatai\\&quot; k\u00f6z\u00f6tt fesz\u00fcl\u0151 gazdag soksz\u00edn\u0171s\u00e9get\u2014a szeretet \u00e9s igazs\u00e1g k\u00e9rd\u00e9s\u00e9t, a konfliktusok megold\u00e1s\u00e1nak lehet\u0151s\u00e9geit...stb.\u2014, bizony\u00edtva, hogy a szem\u00e9lyk\u00f6zpont\u00fa megk\u00f6zel\u00edt\u00e9snek van mondanival\u00f3ja mindazoknak, akik komolyan veszik a mond\u00f3k\u00e1t:\\n \\&quot;Egy \u00e9letem, egy hal\u00e1lom, boldogs\u00e1gom megtal\u00e1lom.\\&quot;\\n Klein S\u00e1ndor\\n (Kult\u00far\u00e1k K\u00f6z\u00f6tti Kommunik\u00e1ci\u00f3\u2014Antol\u00f3gia, El\u0151sz\u00f3)&quot;}\" data-sheets-userformat=\"{&quot;2&quot;:7105,&quot;3&quot;:{&quot;1&quot;:0},&quot;9&quot;:1,&quot;10&quot;:1,&quot;11&quot;:0,&quot;12&quot;:0,&quot;14&quot;:{&quot;1&quot;:2,&quot;2&quot;:0},&quot;15&quot;:&quot;Titillium Web&quot;}\">Egy \u00e9letem, egy hal\u00e1lom&#8230;<br \/>\nAz olvas\u00f3 &#8220;sz\u00f6veggy\u0171jtem\u00e9nyt&#8221; tart a kez\u00e9ben, a sz\u00f3 szoros \u00e9rtelm\u00e9ben: olyan sz\u00f6vegek gy\u0171jtem\u00e9ny\u00e9t, amelyeket szerz\u0151ik a 2009-es szegedi &#8220;Kult\u00far\u00e1k K\u00f6z\u00f6tti Kommunik\u00e1ci\u00f3&#8221; c\u00edm\u0171 szem\u00e9lyk\u00f6zpont\u00fa tal\u00e1lkoz\u00f3 alkalm\u00e1b\u00f3l k\u00e9sz\u00edtettek, vagy eleven\u00edtettek fel, abb\u00f3l a c\u00e9lb\u00f3l, hogy a tematikus \u00fcl\u00e9seken foly\u00f3 besz\u00e9lget\u00e9s, vita tartalmasabb, c\u00e9lrat\u00f6r\u0151bb lehessen. A gy\u0171jtem\u00e9ny ez\u00e9rt n\u00e9mileg esetleges \u00e9s egyenetlen sz\u00ednvonal\u00fa, de tal\u00e1n \u00e9ppen ily m\u00f3don t\u00fckr\u00f6zi a szem\u00e9lyk\u00f6zpont\u00fa megk\u00f6zel\u00edt\u00e9s hazai helyzet\u00e9nek val\u00f3s\u00e1g\u00e1t. (A k\u00f6tet v\u00e9g\u00e9n tal\u00e1lhat\u00f3 k\u00e9t angol nyelv\u0171 dolgozat betekint\u00e9st enged abba, hogy mivel foglalkoznak az ir\u00e1nyzat k\u00fclf\u00f6ldi k\u00e9pvisel\u0151i.)<br \/>\nAz \u00edr\u00e1sok az \u00e9let \u00e9s hal\u00e1l l\u00e9nyeges k\u00e9rd\u00e9seit \u00e9rintik. Minthogy az \u00f6sszej\u00f6vetel sok r\u00e9sztvev\u0151je pedag\u00f3gus, \u00edgy szinte term\u00e9szetes, hogy a tanul\u00f3k\u00f6zpont\u00fa iskola sz\u00fcks\u00e9gess\u00e9ge, lehet\u0151s\u00e9gei megfelel\u0151 s\u00fallyal szerepelnek a k\u00f6tetben. De a k\u00f6tet tematik\u00e1ja \u00e1tfogja a &#8220;sz\u00fcl\u00e9s-sz\u00fclet\u00e9s miszt\u00e9riuma&#8221; \u00e9s &#8220;az \u00e9let nagyon \u00e9rt\u00e9kes utols\u00f3 pillanatai&#8221; k\u00f6z\u00f6tt fesz\u00fcl\u0151 gazdag soksz\u00edn\u0171s\u00e9get\u2014a szeretet \u00e9s igazs\u00e1g k\u00e9rd\u00e9s\u00e9t, a konfliktusok megold\u00e1s\u00e1nak lehet\u0151s\u00e9geit&#8230;stb.\u2014, bizony\u00edtva, hogy a szem\u00e9lyk\u00f6zpont\u00fa megk\u00f6zel\u00edt\u00e9snek van mondanival\u00f3ja mindazoknak, akik komolyan veszik a mond\u00f3k\u00e1t:<br \/>\n&#8220;Egy \u00e9letem, egy hal\u00e1lom, boldogs\u00e1gom megtal\u00e1lom.&#8221;<br \/>\nKlein S\u00e1ndor<br \/>\n(Kult\u00far\u00e1k K\u00f6z\u00f6tti Kommunik\u00e1ci\u00f3\u2014Antol\u00f3gia, El\u0151sz\u00f3)<\/span><\/p>\n","protected":false},"excerpt":{"rendered":"<p><span data-sheets-value=\"{&quot;1&quot;:2,&quot;2&quot;:&quot;Az olvas\u00f3 \\&quot;sz\u00f6veggy\u0171jtem\u00e9nyt\\&quot; tart a kez\u00e9ben, a sz\u00f3 szoros \u00e9rtelm\u00e9ben: ily m\u00f3don t\u00fckr\u00f6zi a szem\u00e9lyk\u00f6zpont\u00fa megk\u00f6zel\u00edt\u00e9s hazai helyzet\u00e9nek val\u00f3s\u00e1g\u00e1t&quot;}\" data-sheets-userformat=\"{&quot;2&quot;:14977,&quot;3&quot;:{&quot;1&quot;:0},&quot;10&quot;:2,&quot;12&quot;:0,&quot;14&quot;:{&quot;1&quot;:2,&quot;2&quot;:0},&quot;15&quot;:&quot;Titillium Web&quot;,&quot;16&quot;:10}\">Az olvas\u00f3 &#8220;sz\u00f6veggy\u0171jtem\u00e9nyt&#8221; tart a kez\u00e9ben, a sz\u00f3 szoros \u00e9rtelm\u00e9ben: ily m\u00f3don t\u00fckr\u00f6zi a szem\u00e9lyk\u00f6zpont\u00fa megk\u00f6zel\u00edt\u00e9s hazai helyzet\u00e9nek val\u00f3s\u00e1g\u00e1t.<\/span><\/p>\n","protected":false},"featured_media":1340,"template":"","meta":[],"product_brand":[],"product_cat":[22],"product_tag":[],"class_list":{"0":"post-868","1":"product","2":"type-product","3":"status-publish","4":"has-post-thumbnail","6":"product_cat-konyvek","8":"first","9":"instock","10":"taxable","11":"shipping-taxable","12":"purchasable","13":"product-type-simple"},"jetpack_sharing_enabled":true,"_links":{"self":[{"href":"https:\/\/segitunkhalehet.hu\/en\/wp-json\/wp\/v2\/product\/868","targetHints":{"allow":["GET"]}}],"collection":[{"href":"https:\/\/segitunkhalehet.hu\/en\/wp-json\/wp\/v2\/product"}],"about":[{"href":"https:\/\/segitunkhalehet.hu\/en\/wp-json\/wp\/v2\/types\/product"}],"wp:featuredmedia":[{"embeddable":true,"href":"https:\/\/segitunkhalehet.hu\/en\/wp-json\/wp\/v2\/media\/1340"}],"wp:attachment":[{"href":"https:\/\/segitunkhalehet.hu\/en\/wp-json\/wp\/v2\/media?parent=868"}],"wp:term":[{"taxonomy":"product_brand","embeddable":true,"href":"https:\/\/segitunkhalehet.hu\/en\/wp-json\/wp\/v2\/product_brand?post=868"},{"taxonomy":"product_cat","embeddable":true,"href":"https:\/\/segitunkhalehet.hu\/en\/wp-json\/wp\/v2\/product_cat?post=868"},{"taxonomy":"product_tag","embeddable":true,"href":"https:\/\/segitunkhalehet.hu\/en\/wp-json\/wp\/v2\/product_tag?post=868"}],"curies":[{"name":"wp","href":"https:\/\/api.w.org\/{rel}","templated":true}]}}