{"id":846,"date":"2023-01-24T14:17:16","date_gmt":"2023-01-24T13:17:16","guid":{"rendered":"http:\/\/segitunkhalehet.node8.macroweb.hu\/?post_type=product&#038;p=846"},"modified":"2023-01-24T14:17:17","modified_gmt":"2023-01-24T13:17:17","slug":"vezetes-es-szervezetpszichologia","status":"publish","type":"product","link":"https:\/\/segitunkhalehet.hu\/en\/termek\/vezetes-es-szervezetpszichologia\/","title":{"rendered":"Vezet\u00e9s- \u00e9s szervezetpszichol\u00f3gia"},"content":{"rendered":"<p><span data-sheets-value=\"{&quot;1&quot;:2,&quot;2&quot;:&quot;ein S\u00e1ndor a pszichol\u00f3gia tudom\u00e1ny doktora, professor emeritus a P\u00e9csi Tudom\u00e1nyegyetemen. \u00c9let\u00e9re \u00e9s munk\u00e1ss\u00e1g\u00e1ra nagy hat\u00e1ssal volt, hogy egy\u00fctt dolgozhatott olyan zseni\u00e1lis emberekkel, mint a matematikatan\u00edt\u00e1st alapvet\u0151en megv\u00e1ltoztat\u00f3 Dienes Zolt\u00e1n vagy a humanisztikus pszichol\u00f3gi\u00e1t a \u201etud\u00f3sok vil\u00e1g\u00e1ban\u201d is elfogadtat\u00f3 Carl Rogers. Az ut\u00f3bbi harminc \u00e9vben a korszer\u0171 kiv\u00e1laszt\u00e1si m\u00f3dszerek hazai elterjeszt\u00e9s\u00e9n f\u00e1radozik. Ez a k\u00f6nyv a Pszichol\u00f3gia a munka vil\u00e1g\u00e1ban tril\u00f3gia k\u00f6z\u00e9ps\u0151 k\u00f6tete: el\u0151zm\u00e9nye Klein S\u00e1ndor: Munkapszichol\u00f3gia a 21. sz\u00e1zadban c\u00edm\u0171 k\u00f6tete, folytat\u00e1sa Klein Bal\u00e1zs \u00e9s Klein S\u00e1ndor k\u00f6nyve, A szervezet lelke. C\u00e9lja, hogy tank\u00f6nyvk\u00e9nt szolg\u00e1ljon mindazoknak, akik fels\u0151fok\u00fa tanulm\u00e1nyaik sor\u00e1n szeretn\u00e9k meg\u00e9rteni a pszichol\u00f3gia szerep\u00e9t a vezet\u00e9sben, \u00e9s hogy pszichol\u00f3giai ismeretekkel \u00e9s szeml\u00e9letm\u00f3ddal seg\u00edtse azokat, akik nap mint nap legjobb k\u00e9pess\u00e9geik szerint igyekeznek ell\u00e1tni a szervezetek ir\u00e1ny\u00edt\u00e1s\u00e1nak neh\u00e9z, de izgalmas \u00e9s sok \u00f6r\u00f6m\u00f6t ny\u00fajt\u00f3 feladat\u00e1t. A k\u00f6nyv 8., \u00e1tdolgozott kiad\u00e1sa \u2013 megtartva a kor\u00e1bbi kiad\u00e1sok \u201et\u00f6rzsanyag\u00e1t\u201d \u2013 kieg\u00e9sz\u00fclt a leg\u00fajabb ismeretekkel, \u00e9s az ut\u00f3bbi n\u00e9h\u00e1ny \u00e9vben megjelent magyar \u00e9s angol nyelv\u0171 \u201eaj\u00e1nlott k\u00f6nyvek\u201d list\u00e1j\u00e1val, ezzel is seg\u00edtve azokat, akik szeretn\u00e9nek m\u00e9g jobban elm\u00e9lyedni a vezet\u00e9s- \u00e9s szervezetpszichol\u00f3gia rejtelmeiben.&quot;}\" data-sheets-userformat=\"{&quot;2&quot;:7105,&quot;3&quot;:{&quot;1&quot;:0},&quot;9&quot;:1,&quot;10&quot;:1,&quot;11&quot;:0,&quot;12&quot;:0,&quot;14&quot;:{&quot;1&quot;:2,&quot;2&quot;:0},&quot;15&quot;:&quot;Titillium Web&quot;}\">Klein S\u00e1ndor a pszichol\u00f3gia tudom\u00e1ny doktora, professor emeritus a P\u00e9csi Tudom\u00e1nyegyetemen. \u00c9let\u00e9re \u00e9s munk\u00e1ss\u00e1g\u00e1ra nagy hat\u00e1ssal volt, hogy egy\u00fctt dolgozhatott olyan zseni\u00e1lis emberekkel, mint a matematikatan\u00edt\u00e1st alapvet\u0151en megv\u00e1ltoztat\u00f3 Dienes Zolt\u00e1n vagy a humanisztikus pszichol\u00f3gi\u00e1t a \u201etud\u00f3sok vil\u00e1g\u00e1ban\u201d is elfogadtat\u00f3 Carl Rogers. Az ut\u00f3bbi harminc \u00e9vben a korszer\u0171 kiv\u00e1laszt\u00e1si m\u00f3dszerek hazai elterjeszt\u00e9s\u00e9n f\u00e1radozik. A Vezet\u00e9s- \u00e9s szervezetpszichol\u00f3gia c\u00edm\u0171 k\u00f6nyve a Pszichol\u00f3gia a munka vil\u00e1g\u00e1ban tril\u00f3gia k\u00f6z\u00e9ps\u0151 k\u00f6tete: el\u0151zm\u00e9nye Klein S\u00e1ndor: Munkapszichol\u00f3gia a 21. sz\u00e1zadban c\u00edm\u0171 k\u00f6tete, folytat\u00e1sa Klein Bal\u00e1zs \u00e9s Klein S\u00e1ndor k\u00f6nyve, A szervezet lelke. C\u00e9lja, hogy tank\u00f6nyvk\u00e9nt szolg\u00e1ljon mindazoknak, akik fels\u0151fok\u00fa tanulm\u00e1nyaik sor\u00e1n szeretn\u00e9k meg\u00e9rteni a pszichol\u00f3gia szerep\u00e9t a vezet\u00e9sben, \u00e9s hogy pszichol\u00f3giai ismeretekkel \u00e9s szeml\u00e9letm\u00f3ddal seg\u00edtse azokat, akik nap mint nap legjobb k\u00e9pess\u00e9geik szerint igyekeznek ell\u00e1tni a szervezetek ir\u00e1ny\u00edt\u00e1s\u00e1nak neh\u00e9z, de izgalmas \u00e9s sok \u00f6r\u00f6m\u00f6t ny\u00fajt\u00f3 feladat\u00e1t. A k\u00f6nyv 8., \u00e1tdolgozott kiad\u00e1sa \u2013 megtartva a kor\u00e1bbi kiad\u00e1sok \u201et\u00f6rzsanyag\u00e1t\u201d \u2013 kieg\u00e9sz\u00fclt a leg\u00fajabb ismeretekkel, \u00e9s az ut\u00f3bbi n\u00e9h\u00e1ny \u00e9vben megjelent magyar \u00e9s angol nyelv\u0171 \u201eaj\u00e1nlott k\u00f6nyvek\u201d list\u00e1j\u00e1val, ezzel is seg\u00edtve azokat, akik szeretn\u00e9nek m\u00e9g jobban elm\u00e9lyedni a vezet\u00e9s- \u00e9s szervezetpszichol\u00f3gia rejtelmeiben.<\/span><\/p>\n","protected":false},"excerpt":{"rendered":"<p><span data-sheets-value=\"{&quot;1&quot;:2,&quot;2&quot;:&quot;C\u00e9lja, hogy tank\u00f6nyvk\u00e9nt szolg\u00e1ljon mindazoknak, akik szeretn\u00e9k meg\u00e9rteni a pszichol\u00f3gia szerep\u00e9t a vezet\u00e9sben vagy igyekeznek ell\u00e1tni a szervezetek ir\u00e1ny\u00edt\u00e1s\u00e1nak neh\u00e9z, de izgalmas \u00e9s sok \u00f6r\u00f6m\u00f6t ny\u00fajt\u00f3 feladat\u00e1t. &quot;}\" data-sheets-userformat=\"{&quot;2&quot;:14977,&quot;3&quot;:{&quot;1&quot;:0},&quot;10&quot;:2,&quot;12&quot;:0,&quot;14&quot;:{&quot;1&quot;:2,&quot;2&quot;:0},&quot;15&quot;:&quot;Titillium Web&quot;,&quot;16&quot;:10}\">C\u00e9lja, hogy tank\u00f6nyvk\u00e9nt szolg\u00e1ljon mindazoknak, akik szeretn\u00e9k meg\u00e9rteni a pszichol\u00f3gia szerep\u00e9t a vezet\u00e9sben vagy igyekeznek ell\u00e1tni a szervezetek ir\u00e1ny\u00edt\u00e1s\u00e1nak neh\u00e9z, de izgalmas \u00e9s sok \u00f6r\u00f6m\u00f6t ny\u00fajt\u00f3 feladat\u00e1t. <\/span><\/p>\n","protected":false},"featured_media":1335,"template":"","meta":[],"product_brand":[],"product_cat":[22],"product_tag":[],"class_list":{"0":"post-846","1":"product","2":"type-product","3":"status-publish","4":"has-post-thumbnail","6":"product_cat-konyvek","8":"first","9":"instock","10":"taxable","11":"shipping-taxable","12":"purchasable","13":"product-type-simple"},"jetpack_sharing_enabled":true,"_links":{"self":[{"href":"https:\/\/segitunkhalehet.hu\/en\/wp-json\/wp\/v2\/product\/846","targetHints":{"allow":["GET"]}}],"collection":[{"href":"https:\/\/segitunkhalehet.hu\/en\/wp-json\/wp\/v2\/product"}],"about":[{"href":"https:\/\/segitunkhalehet.hu\/en\/wp-json\/wp\/v2\/types\/product"}],"wp:featuredmedia":[{"embeddable":true,"href":"https:\/\/segitunkhalehet.hu\/en\/wp-json\/wp\/v2\/media\/1335"}],"wp:attachment":[{"href":"https:\/\/segitunkhalehet.hu\/en\/wp-json\/wp\/v2\/media?parent=846"}],"wp:term":[{"taxonomy":"product_brand","embeddable":true,"href":"https:\/\/segitunkhalehet.hu\/en\/wp-json\/wp\/v2\/product_brand?post=846"},{"taxonomy":"product_cat","embeddable":true,"href":"https:\/\/segitunkhalehet.hu\/en\/wp-json\/wp\/v2\/product_cat?post=846"},{"taxonomy":"product_tag","embeddable":true,"href":"https:\/\/segitunkhalehet.hu\/en\/wp-json\/wp\/v2\/product_tag?post=846"}],"curies":[{"name":"wp","href":"https:\/\/api.w.org\/{rel}","templated":true}]}}