{"id":845,"date":"2023-01-24T14:09:07","date_gmt":"2023-01-24T13:09:07","guid":{"rendered":"http:\/\/segitunkhalehet.node8.macroweb.hu\/?post_type=product&#038;p=845"},"modified":"2023-01-24T14:09:07","modified_gmt":"2023-01-24T13:09:07","slug":"negyven-ev-munkapszichologia","status":"publish","type":"product","link":"https:\/\/segitunkhalehet.hu\/en\/termek\/negyven-ev-munkapszichologia\/","title":{"rendered":"Negyven \u00e9v munkapszichol\u00f3gia"},"content":{"rendered":"<p><span data-sheets-value=\"{&quot;1&quot;:2,&quot;2&quot;:&quot;Klein S\u00e1ndor \u00edr\u00e1sai t\u00f6bb mint negyven \u00e9ve jelennek meg a hazai pszichol\u00f3giai \u00e9s pedag\u00f3giai foly\u00f3iratokban. 70. sz\u00fclet\u00e9snapja alkalm\u00e1b\u00f3l gy\u0171jt\u00f6tte \u00f6ssze h\u00e1rom k\u00f6tetben ezekez az \u00edr\u00e1sokat, abban a rem\u00e9nyben, hogy mondanival\u00f3juk a mai olvas\u00f3k sz\u00e1m\u00e1ra is \u00e9rdekes lehet.\\n Ez az els\u0151 k\u00f6tet a munkapszichol\u00f3gia t\u00e9m\u00e1j\u00fa \u00edr\u00e1sokat tartalmazza. Az \\&quot;els\u0151 h\u00fasz \u00e9v\\&quot; \u00edr\u00e1sai k\u00f6zt sz\u00f3 esik t\u00f6bbek k\u00f6z\u00f6tt a zaj\u00e1rtalomr\u00f3l, a rekl\u00e1mpszichol\u00f3gi\u00e1r\u00f3l, a kreativit\u00e1s fejleszt\u00e9s\u00e9r\u0151l. A m\u00e1sodik r\u00e9sz az SHL Hungary Kft. h\u00fasz \u00e9ves t\u00f6rt\u00e9nete sor\u00e1n sz\u00fcletett \u00edr\u00e1sokb\u00f3l szemezget: az SHL profilj\u00e1nak megfelel\u0151en j\u00f3r\u00e9szt az alkalmass\u00e1gvizsg\u00e1lat ter\u00fclet\u00e9r\u0151l.\\n A harmadik r\u00e9sz a P\u00e9csi Tudom\u00e1nyegyetem Feln\u0151ttk\u00e9pz\u00e9si \u00e9s Emberi Er\u0151forr\u00e1s Fejleszt\u00e9si Kar munkat\u00e1rsainak - Klein S\u00e1ndor koll\u00e9g\u00e1inak - \u00edr\u00e1sait tartalmazza egy \u00e9rdekes v\u00e1llalkoz\u00f3i karrierr\u0151l, a hazugs\u00e1gfelismer\u00e9sr\u0151l, a coachingr\u00f3l, a p\u00e1lyaorient\u00e1ci\u00f3s szakemberek kompetenci\u00e1ir\u00f3l.&quot;}\" data-sheets-userformat=\"{&quot;2&quot;:7105,&quot;3&quot;:{&quot;1&quot;:0},&quot;9&quot;:1,&quot;10&quot;:1,&quot;11&quot;:0,&quot;12&quot;:0,&quot;14&quot;:{&quot;1&quot;:2,&quot;2&quot;:0},&quot;15&quot;:&quot;Titillium Web&quot;}\">Klein S\u00e1ndor \u00edr\u00e1sai t\u00f6bb mint negyven \u00e9ve jelennek meg a hazai pszichol\u00f3giai \u00e9s pedag\u00f3giai foly\u00f3iratokban. 70. sz\u00fclet\u00e9snapja alkalm\u00e1b\u00f3l gy\u0171jt\u00f6tte \u00f6ssze h\u00e1rom k\u00f6tetben ezeket az \u00edr\u00e1sokat, abban a rem\u00e9nyben, hogy mondanival\u00f3juk a mai olvas\u00f3k sz\u00e1m\u00e1ra is \u00e9rdekes lehet.<br \/>\nEz az els\u0151 k\u00f6tet (Negyven \u00e9v munkapszichol\u00f3gia c\u00edmet viseli) a munkapszichol\u00f3gia t\u00e9m\u00e1j\u00fa \u00edr\u00e1sokat tartalmazza. Az &#8220;els\u0151 h\u00fasz \u00e9v&#8221; \u00edr\u00e1sai k\u00f6zt sz\u00f3 esik t\u00f6bbek k\u00f6z\u00f6tt a zaj\u00e1rtalomr\u00f3l, a rekl\u00e1mpszichol\u00f3gi\u00e1r\u00f3l, a kreativit\u00e1s fejleszt\u00e9s\u00e9r\u0151l. A m\u00e1sodik r\u00e9sz az SHL Hungary Kft. h\u00fasz \u00e9ves t\u00f6rt\u00e9nete sor\u00e1n sz\u00fcletett \u00edr\u00e1sokb\u00f3l szemezget: az SHL profilj\u00e1nak megfelel\u0151en j\u00f3r\u00e9szt az alkalmass\u00e1gvizsg\u00e1lat ter\u00fclet\u00e9r\u0151l.<br \/>\nA harmadik r\u00e9sz a P\u00e9csi Tudom\u00e1nyegyetem Feln\u0151ttk\u00e9pz\u00e9si \u00e9s Emberi Er\u0151forr\u00e1s Fejleszt\u00e9si Kar munkat\u00e1rsainak &#8211; Klein S\u00e1ndor koll\u00e9g\u00e1inak &#8211; \u00edr\u00e1sait tartalmazza egy \u00e9rdekes v\u00e1llalkoz\u00f3i karrierr\u0151l, a hazugs\u00e1gfelismer\u00e9sr\u0151l, a coachingr\u00f3l, a p\u00e1lyaorient\u00e1ci\u00f3s szakemberek kompetenci\u00e1ir\u00f3l.<\/span><\/p>\n","protected":false},"excerpt":{"rendered":"<p><span data-sheets-value=\"{&quot;1&quot;:2,&quot;2&quot;:&quot;Klein S\u00e1ndor \u00edr\u00e1sai t\u00f6bb mint negyven \u00e9ve jelennek meg a hazai pszichol\u00f3giai \u00e9s pedag\u00f3giai foly\u00f3iratokban. 70. sz\u00fclet\u00e9snapja alkalm\u00e1b\u00f3l egy r\u00e9sz\u00e9t ebbe a k\u00f6tetbe gy\u0171jt\u00f6tt\u00fck.&quot;}\" data-sheets-userformat=\"{&quot;2&quot;:14977,&quot;3&quot;:{&quot;1&quot;:0},&quot;10&quot;:2,&quot;12&quot;:0,&quot;14&quot;:{&quot;1&quot;:2,&quot;2&quot;:0},&quot;15&quot;:&quot;Titillium Web&quot;,&quot;16&quot;:10}\">Klein S\u00e1ndor \u00edr\u00e1sai t\u00f6bb mint negyven \u00e9ve jelennek meg a hazai pszichol\u00f3giai \u00e9s pedag\u00f3giai foly\u00f3iratokban. 70. sz\u00fclet\u00e9snapja alkalm\u00e1b\u00f3l egy r\u00e9sz\u00e9t ebbe a k\u00f6tetbe gy\u0171jt\u00f6tt\u00fck.<\/span><\/p>\n","protected":false},"featured_media":1329,"template":"","meta":[],"product_brand":[],"product_cat":[22],"product_tag":[],"class_list":{"0":"post-845","1":"product","2":"type-product","3":"status-publish","4":"has-post-thumbnail","6":"product_cat-konyvek","8":"first","9":"instock","10":"taxable","11":"shipping-taxable","12":"purchasable","13":"product-type-simple"},"jetpack_sharing_enabled":true,"_links":{"self":[{"href":"https:\/\/segitunkhalehet.hu\/en\/wp-json\/wp\/v2\/product\/845","targetHints":{"allow":["GET"]}}],"collection":[{"href":"https:\/\/segitunkhalehet.hu\/en\/wp-json\/wp\/v2\/product"}],"about":[{"href":"https:\/\/segitunkhalehet.hu\/en\/wp-json\/wp\/v2\/types\/product"}],"wp:featuredmedia":[{"embeddable":true,"href":"https:\/\/segitunkhalehet.hu\/en\/wp-json\/wp\/v2\/media\/1329"}],"wp:attachment":[{"href":"https:\/\/segitunkhalehet.hu\/en\/wp-json\/wp\/v2\/media?parent=845"}],"wp:term":[{"taxonomy":"product_brand","embeddable":true,"href":"https:\/\/segitunkhalehet.hu\/en\/wp-json\/wp\/v2\/product_brand?post=845"},{"taxonomy":"product_cat","embeddable":true,"href":"https:\/\/segitunkhalehet.hu\/en\/wp-json\/wp\/v2\/product_cat?post=845"},{"taxonomy":"product_tag","embeddable":true,"href":"https:\/\/segitunkhalehet.hu\/en\/wp-json\/wp\/v2\/product_tag?post=845"}],"curies":[{"name":"wp","href":"https:\/\/api.w.org\/{rel}","templated":true}]}}