{"id":842,"date":"2023-01-24T14:00:18","date_gmt":"2023-01-24T13:00:18","guid":{"rendered":"http:\/\/segitunkhalehet.node8.macroweb.hu\/?post_type=product&#038;p=842"},"modified":"2023-01-24T14:00:18","modified_gmt":"2023-01-24T13:00:18","slug":"a-szervezet-lelke","status":"publish","type":"product","link":"https:\/\/segitunkhalehet.hu\/en\/termek\/a-szervezet-lelke\/","title":{"rendered":"A szervezet lelke"},"content":{"rendered":"<p><span data-sheets-value=\"{&quot;1&quot;:2,&quot;2&quot;:&quot;Ez a k\u00f6nyv \u2013 amely Klein S\u00e1ndor Munkapszichol\u00f3gia a 21. sz\u00e1zadban \u00e9s Vezet\u00e9s- \u00e9s szervezetpszichol\u00f3gia c\u00edm\u0171 k\u00f6nyveinek folytat\u00e1sa \u2013 a gyakorlatban felhaszn\u00e1lhat\u00f3 pszichol\u00f3giai ismeretekkel \u00e9s szeml\u00e9letm\u00f3ddal szeretn\u00e9 seg\u00edteni azokat, akik nap mint nap legjobb k\u00e9pess\u00e9geik szerint igyekeznek ell\u00e1tni a szervezetek ir\u00e1ny\u00edt\u00e1s\u00e1nak neh\u00e9z, de izgalmas feladat\u00e1t.\\n Tank\u00f6nyvk\u00e9nt szolg\u00e1lhat minden olyan fels\u0151fok\u00fa k\u00e9pz\u00e9sben, ahol a tanul\u00f3k szeretn\u00e9k meg\u00e9rteni a pszichol\u00f3gia szerep\u00e9t a vezet\u00e9sben, a szervezetek alak\u00edt\u00e1s\u00e1ban.&quot;}\" data-sheets-userformat=\"{&quot;2&quot;:7105,&quot;3&quot;:{&quot;1&quot;:0},&quot;9&quot;:1,&quot;10&quot;:1,&quot;11&quot;:0,&quot;12&quot;:0,&quot;14&quot;:{&quot;1&quot;:2,&quot;2&quot;:0},&quot;15&quot;:&quot;Titillium Web&quot;}\">A szervezet lelke c\u00edm\u0171 k\u00f6nyv \u2013 amely Klein S\u00e1ndor Munkapszichol\u00f3gia a 21. sz\u00e1zadban \u00e9s Vezet\u00e9s- \u00e9s szervezetpszichol\u00f3gia c\u00edm\u0171 k\u00f6nyveinek folytat\u00e1sa \u2013 a gyakorlatban felhaszn\u00e1lhat\u00f3 pszichol\u00f3giai ismeretekkel \u00e9s szeml\u00e9letm\u00f3ddal szeretn\u00e9 seg\u00edteni azokat, akik nap mint nap legjobb k\u00e9pess\u00e9geik szerint igyekeznek ell\u00e1tni a szervezetek ir\u00e1ny\u00edt\u00e1s\u00e1nak neh\u00e9z, de izgalmas feladat\u00e1t.<br \/>\nTank\u00f6nyvk\u00e9nt szolg\u00e1lhat minden olyan fels\u0151fok\u00fa k\u00e9pz\u00e9sben, ahol a tanul\u00f3k szeretn\u00e9k meg\u00e9rteni a pszichol\u00f3gia szerep\u00e9t a vezet\u00e9sben, a szervezetek alak\u00edt\u00e1s\u00e1ban.<\/span><\/p>\n","protected":false},"excerpt":{"rendered":"<p><span data-sheets-value=\"{&quot;1&quot;:2,&quot;2&quot;:&quot;Ez a k\u00f6nyv a gyakorlatban felhaszn\u00e1lhat\u00f3 pszichol\u00f3giai ismeretekkel \u00e9s szeml\u00e9letm\u00f3ddal szeretn\u00e9 seg\u00edteni azokat, akik nap mint nap legjobb k\u00e9pess\u00e9geik szerint igyekeznek ell\u00e1tni a szervezetek ir\u00e1ny\u00edt\u00e1s\u00e1nak neh\u00e9z, de izgalmas feladat\u00e1t.&quot;}\" data-sheets-userformat=\"{&quot;2&quot;:14977,&quot;3&quot;:{&quot;1&quot;:0},&quot;10&quot;:2,&quot;12&quot;:0,&quot;14&quot;:{&quot;1&quot;:2,&quot;2&quot;:0},&quot;15&quot;:&quot;Titillium Web&quot;,&quot;16&quot;:10}\">Ez a k\u00f6nyv a gyakorlatban felhaszn\u00e1lhat\u00f3 pszichol\u00f3giai ismeretekkel \u00e9s szeml\u00e9letm\u00f3ddal szeretn\u00e9 seg\u00edteni azokat, akik nap mint nap legjobb k\u00e9pess\u00e9geik szerint igyekeznek ell\u00e1tni a szervezetek ir\u00e1ny\u00edt\u00e1s\u00e1nak neh\u00e9z, de izgalmas feladat\u00e1t.<\/span><\/p>\n","protected":false},"featured_media":1324,"template":"","meta":[],"product_brand":[],"product_cat":[22],"product_tag":[],"class_list":{"0":"post-842","1":"product","2":"type-product","3":"status-publish","4":"has-post-thumbnail","6":"product_cat-konyvek","8":"first","9":"instock","10":"taxable","11":"shipping-taxable","12":"purchasable","13":"product-type-simple"},"jetpack_sharing_enabled":true,"_links":{"self":[{"href":"https:\/\/segitunkhalehet.hu\/en\/wp-json\/wp\/v2\/product\/842","targetHints":{"allow":["GET"]}}],"collection":[{"href":"https:\/\/segitunkhalehet.hu\/en\/wp-json\/wp\/v2\/product"}],"about":[{"href":"https:\/\/segitunkhalehet.hu\/en\/wp-json\/wp\/v2\/types\/product"}],"wp:featuredmedia":[{"embeddable":true,"href":"https:\/\/segitunkhalehet.hu\/en\/wp-json\/wp\/v2\/media\/1324"}],"wp:attachment":[{"href":"https:\/\/segitunkhalehet.hu\/en\/wp-json\/wp\/v2\/media?parent=842"}],"wp:term":[{"taxonomy":"product_brand","embeddable":true,"href":"https:\/\/segitunkhalehet.hu\/en\/wp-json\/wp\/v2\/product_brand?post=842"},{"taxonomy":"product_cat","embeddable":true,"href":"https:\/\/segitunkhalehet.hu\/en\/wp-json\/wp\/v2\/product_cat?post=842"},{"taxonomy":"product_tag","embeddable":true,"href":"https:\/\/segitunkhalehet.hu\/en\/wp-json\/wp\/v2\/product_tag?post=842"}],"curies":[{"name":"wp","href":"https:\/\/api.w.org\/{rel}","templated":true}]}}