{"id":837,"date":"2023-01-23T15:33:58","date_gmt":"2023-01-23T14:33:58","guid":{"rendered":"http:\/\/segitunkhalehet.node8.macroweb.hu\/?post_type=product&#038;p=837"},"modified":"2023-01-23T15:33:58","modified_gmt":"2023-01-23T14:33:58","slug":"a-buddha-maskepp","status":"publish","type":"product","link":"https:\/\/segitunkhalehet.hu\/en\/termek\/a-buddha-maskepp\/","title":{"rendered":"A Buddha m\u00e1sK\u00c9Pp"},"content":{"rendered":"<p><span data-sheets-value=\"{&quot;1&quot;:2,&quot;2&quot;:&quot;Medit\u00e1ci\u00f3, karma, zen, tantra, nirv\u00e1na \u2013 \u00edme a buddhista fogalmak k\u00f6z\u00fcl n\u00e9h\u00e1ny, amelyek a nyugati kult\u00far\u00e1k k\u00f6zkedvelt kifejez\u00e9seiv\u00e9 v\u00e1ltak, rendszerint azonban nem ismerj\u00fck \u0151ket pontosan. Mi a buddhizmus, t\u00f6rt\u00e9net\u00e9nek \u00e9s v\u00e1ltozatos gyakorlatainak vez\u00e9relve? Ez az \u00f3ri\u00e1si \u00e9s komplex, nem istenh\u00edv\u0151 vall\u00e1s \u00e1tsz\u00f6vi az \u00e1zsiai civiliz\u00e1ci\u00f3k strukt\u00far\u00e1j\u00e1t Indi\u00e1t\u00f3l eg\u00e9szen a Himal\u00e1j\u00e1ig, \u00e1thatja K\u00edn\u00e1t, Vietn\u00e1mot, Kore\u00e1t, Jap\u00e1nt \u00e9s m\u00e1s orsz\u00e1gokat.\\n A k\u00f6nyv a Buddha \u00e9let\u00e9t \u00e9s tan\u00edt\u00e1sait mes\u00e9li el. A szerz\u0151, Jane Hope, aki maga is behat\u00f3an tanulm\u00e1nyozta a buddhizmust, r\u00e1vil\u00e1g\u00edt arra, hogy a megvil\u00e1gosod\u00e1s az igazs\u00e1g egy\u00e9ni megtapasztal\u00e1s\u00e1nak, valamint a tan\u00edt\u00f3t\u00f3l ered\u0151 inspir\u00e1ci\u00f3 megl\u00e9t\u00e9nek a k\u00e9rd\u00e9se. A Borin Van Loon \u00e1ltal nagyszer\u0171en illusztr\u00e1lt k\u00f6nyv, amely az el\u0151d\u00f6kt\u0151l meg\u00f6r\u00f6k\u00f6lt t\u00f6rt\u00e9netekkel teszi \u00e1tl\u00e1that\u00f3v\u00e1 a megvil\u00e1gosod\u00e1s folyamat\u00e1t, felt\u00e1rja a medit\u00e1ci\u00f3, a taoizmus \u00e9s a zen titkait, valamint elemzi a buddhizmus mai szerep\u00e9t a modern \u00c1zsi\u00e1ban \u00e9s a nyugati gondolkod\u00e1sra gyakorolt n\u00f6vekv\u0151 befoly\u00e1s\u00e1t.\\n (Az emberek nincsenek tudat\u00e1ban val\u00f3di term\u00e9szet\u00fcknek \u00e9s ez a tudatlans\u00e1g okozza folyamatos szenved\u00e9s\u00fcket.)&quot;}\" data-sheets-userformat=\"{&quot;2&quot;:7105,&quot;3&quot;:{&quot;1&quot;:0},&quot;9&quot;:1,&quot;10&quot;:1,&quot;11&quot;:0,&quot;12&quot;:0,&quot;14&quot;:{&quot;1&quot;:2,&quot;2&quot;:0},&quot;15&quot;:&quot;Titillium Web&quot;}\">Medit\u00e1ci\u00f3, karma, zen, tantra, nirv\u00e1na \u2013 \u00edme a buddhista fogalmak k\u00f6z\u00fcl n\u00e9h\u00e1ny, amelyek a nyugati kult\u00far\u00e1k k\u00f6zkedvelt kifejez\u00e9seiv\u00e9 v\u00e1ltak, rendszerint azonban nem ismerj\u00fck \u0151ket pontosan. Mi a buddhizmus, t\u00f6rt\u00e9net\u00e9nek \u00e9s v\u00e1ltozatos gyakorlatainak vez\u00e9relve? Ez az \u00f3ri\u00e1si \u00e9s komplex, nem istenh\u00edv\u0151 vall\u00e1s \u00e1tsz\u00f6vi az \u00e1zsiai civiliz\u00e1ci\u00f3k strukt\u00far\u00e1j\u00e1t Indi\u00e1t\u00f3l eg\u00e9szen a Himal\u00e1j\u00e1ig, \u00e1thatja K\u00edn\u00e1t, Vietn\u00e1mot, Kore\u00e1t, Jap\u00e1nt \u00e9s m\u00e1s orsz\u00e1gokat.<br \/>\nA Buddha m\u00e1sK\u00c9Pp c\u00edm\u0171 k\u00f6nyv Buddha \u00e9let\u00e9t \u00e9s tan\u00edt\u00e1sait mes\u00e9li el. A szerz\u0151, Jane Hope, aki maga is behat\u00f3an tanulm\u00e1nyozta a buddhizmust, r\u00e1vil\u00e1g\u00edt arra, hogy a megvil\u00e1gosod\u00e1s az igazs\u00e1g egy\u00e9ni megtapasztal\u00e1s\u00e1nak, valamint a tan\u00edt\u00f3t\u00f3l ered\u0151 inspir\u00e1ci\u00f3 megl\u00e9t\u00e9nek a k\u00e9rd\u00e9se. A Borin Van Loon \u00e1ltal nagyszer\u0171en illusztr\u00e1lt k\u00f6nyv, amely az el\u0151d\u00f6kt\u0151l meg\u00f6r\u00f6k\u00f6lt t\u00f6rt\u00e9netekkel teszi \u00e1tl\u00e1that\u00f3v\u00e1 a megvil\u00e1gosod\u00e1s folyamat\u00e1t, felt\u00e1rja a medit\u00e1ci\u00f3, a taoizmus \u00e9s a zen titkait, valamint elemzi a buddhizmus mai szerep\u00e9t a modern \u00c1zsi\u00e1ban \u00e9s a nyugati gondolkod\u00e1sra gyakorolt n\u00f6vekv\u0151 befoly\u00e1s\u00e1t.<br \/>\n(Az emberek nincsenek tudat\u00e1ban val\u00f3di term\u00e9szet\u00fcknek \u00e9s ez a tudatlans\u00e1g okozza folyamatos szenved\u00e9s\u00fcket.)<\/span><\/p>\n","protected":false},"excerpt":{"rendered":"<p><span data-sheets-value=\"{&quot;1&quot;:2,&quot;2&quot;:&quot;Medit\u00e1ci\u00f3, karma, zen, tantra, nirv\u00e1na. A k\u00f6nyv a Buddha \u00e9let\u00e9t \u00e9s tan\u00edt\u00e1sait mes\u00e9li el.&quot;}\" data-sheets-userformat=\"{&quot;2&quot;:14977,&quot;3&quot;:{&quot;1&quot;:0},&quot;10&quot;:2,&quot;12&quot;:0,&quot;14&quot;:{&quot;1&quot;:2,&quot;2&quot;:0},&quot;15&quot;:&quot;Titillium Web&quot;,&quot;16&quot;:10}\">Medit\u00e1ci\u00f3, karma, zen, tantra, nirv\u00e1na. A k\u00f6nyv a Buddha \u00e9let\u00e9t \u00e9s tan\u00edt\u00e1sait mes\u00e9li el.<\/span><\/p>\n","protected":false},"featured_media":1282,"template":"","meta":[],"product_brand":[],"product_cat":[22],"product_tag":[],"class_list":{"0":"post-837","1":"product","2":"type-product","3":"status-publish","4":"has-post-thumbnail","6":"product_cat-konyvek","8":"first","9":"instock","10":"taxable","11":"shipping-taxable","12":"purchasable","13":"product-type-simple"},"jetpack_sharing_enabled":true,"_links":{"self":[{"href":"https:\/\/segitunkhalehet.hu\/en\/wp-json\/wp\/v2\/product\/837","targetHints":{"allow":["GET"]}}],"collection":[{"href":"https:\/\/segitunkhalehet.hu\/en\/wp-json\/wp\/v2\/product"}],"about":[{"href":"https:\/\/segitunkhalehet.hu\/en\/wp-json\/wp\/v2\/types\/product"}],"wp:featuredmedia":[{"embeddable":true,"href":"https:\/\/segitunkhalehet.hu\/en\/wp-json\/wp\/v2\/media\/1282"}],"wp:attachment":[{"href":"https:\/\/segitunkhalehet.hu\/en\/wp-json\/wp\/v2\/media?parent=837"}],"wp:term":[{"taxonomy":"product_brand","embeddable":true,"href":"https:\/\/segitunkhalehet.hu\/en\/wp-json\/wp\/v2\/product_brand?post=837"},{"taxonomy":"product_cat","embeddable":true,"href":"https:\/\/segitunkhalehet.hu\/en\/wp-json\/wp\/v2\/product_cat?post=837"},{"taxonomy":"product_tag","embeddable":true,"href":"https:\/\/segitunkhalehet.hu\/en\/wp-json\/wp\/v2\/product_tag?post=837"}],"curies":[{"name":"wp","href":"https:\/\/api.w.org\/{rel}","templated":true}]}}