{"id":836,"date":"2023-01-23T15:27:12","date_gmt":"2023-01-23T14:27:12","guid":{"rendered":"http:\/\/segitunkhalehet.node8.macroweb.hu\/?post_type=product&#038;p=836"},"modified":"2023-01-23T15:27:12","modified_gmt":"2023-01-23T14:27:12","slug":"ertekelo-es-fejleszto-kozpont","status":"publish","type":"product","link":"https:\/\/segitunkhalehet.hu\/en\/termek\/ertekelo-es-fejleszto-kozpont\/","title":{"rendered":"\u00c9rt\u00e9kel\u0151 \u00e9s fejleszt\u0151 k\u00f6zpont"},"content":{"rendered":"<p><span data-sheets-value=\"{&quot;1&quot;:2,&quot;2&quot;:&quot;AZ \u00c9RT\u00c9KEL\u0150 \u00c9S FEJLESZT\u0150 K\u00d6ZPONT hat\u00e9kony m\u00f3dszer a legjobb jel\u00f6ltek kiv\u00e1laszt\u00e1s\u00e1ra, a fejleszt\u00e9si sz\u00fcks\u00e9gletek meg\u00e1llap\u00edt\u00e1s\u00e1ra, a kompetenci\u00e1k fejleszt\u00e9s\u00e9re. Az \u00e9rt\u00e9kel\u0151 k\u00f6zpont a kiv\u00e1laszt\u00e1si rendszerek cs\u00facs\u00e1n \u00e1ll: ha k\u00e9pess\u00e9gtesztekkel, szem\u00e9lyis\u00e9gk\u00e9rd\u0151\u00edvvel, struktur\u00e1lt interj\u00faval siker\u00fclt kiv\u00e1lasztani a legjobb jelentkez\u0151ket, a munka legfontosabb jellemz\u0151it modellez\u0151 helyzetekben val\u00f3 viselked\u00e9s\u00fck alapj\u00e1n az \u00e9rt\u00e9kel\u0151k nagy biztons\u00e1ggal el tudj\u00e1k d\u00f6nteni, ki a legalkalmasabb. A fejleszt\u0151 k\u00f6zpontokban a hangs\u00faly a modell-helyzetek probl\u00e9m\u00e1ira adott v\u00e1lasztok megbesz\u00e9l\u00e9s\u00e9n van: r\u00e9sztvev\u0151 \u00e9s \u00e9rt\u00e9kel\u0151 k\u00f6z\u00f6sen t\u00f6rekszik a fejlesztend\u0151 ter\u00fcletek felt\u00e1r\u00e1s\u00e1ra, \u00e9s ez az \u00f6nismereti munka \u2013 ha j\u00f3l csin\u00e1lj\u00e1k \u2013 maga is fejleszt\u0151 hat\u00e1s\u00fa. A k\u00f6nyv c\u00e9lja: megismertetni az \u00e9rt\u00e9kel\u0151 \u00e9s fejleszt\u0151 k\u00f6zpont m\u00f3dszer alapelveit \u00e9s gyakorlat\u00e1t, k\u00e9pess\u00e9 tenni a HR szakembereket arra, hogy sz\u00ednvonalas k\u00f6zpontokat tudjanak lebonyol\u00edtani \u00f6n\u00e1ll\u00f3an, tudj\u00e1k, mikor \u00e9rdemes k\u00fcls\u0151 szak\u00e9rt\u0151k seg\u00edts\u00e9g\u00e9t k\u00e9rni, \u00e9s ha erre ker\u00fcl sor, l\u00e9nyegre tapint\u00f3 k\u00e9rd\u00e9seket tudjanak feltenni nekik.&quot;}\" data-sheets-userformat=\"{&quot;2&quot;:7105,&quot;3&quot;:{&quot;1&quot;:0},&quot;9&quot;:1,&quot;10&quot;:1,&quot;11&quot;:0,&quot;12&quot;:0,&quot;14&quot;:{&quot;1&quot;:2,&quot;2&quot;:0},&quot;15&quot;:&quot;Titillium Web&quot;}\">AZ \u00c9RT\u00c9KEL\u0150 \u00c9S FEJLESZT\u0150 K\u00d6ZPONT hat\u00e9kony m\u00f3dszer a legjobb jel\u00f6ltek kiv\u00e1laszt\u00e1s\u00e1ra, a fejleszt\u00e9si sz\u00fcks\u00e9gletek meg\u00e1llap\u00edt\u00e1s\u00e1ra, a kompetenci\u00e1k fejleszt\u00e9s\u00e9re. Az \u00e9rt\u00e9kel\u0151 k\u00f6zpont a kiv\u00e1laszt\u00e1si rendszerek cs\u00facs\u00e1n \u00e1ll: ha k\u00e9pess\u00e9gtesztekkel, szem\u00e9lyis\u00e9gk\u00e9rd\u0151\u00edvvel, struktur\u00e1lt interj\u00faval siker\u00fclt kiv\u00e1lasztani a legjobb jelentkez\u0151ket, a munka legfontosabb jellemz\u0151it modellez\u0151 helyzetekben val\u00f3 viselked\u00e9s\u00fck alapj\u00e1n az \u00e9rt\u00e9kel\u0151k nagy biztons\u00e1ggal el tudj\u00e1k d\u00f6nteni, ki a legalkalmasabb. A fejleszt\u0151 k\u00f6zpontokban a hangs\u00faly a modell-helyzetek probl\u00e9m\u00e1ira adott v\u00e1lasztok megbesz\u00e9l\u00e9s\u00e9n van: r\u00e9sztvev\u0151 \u00e9s \u00e9rt\u00e9kel\u0151 k\u00f6z\u00f6sen t\u00f6rekszik a fejlesztend\u0151 ter\u00fcletek felt\u00e1r\u00e1s\u00e1ra, \u00e9s ez az \u00f6nismereti munka \u2013 ha j\u00f3l csin\u00e1lj\u00e1k \u2013 maga is fejleszt\u0151 hat\u00e1s\u00fa. A k\u00f6nyv c\u00e9lja: megismertetni az \u00e9rt\u00e9kel\u0151 \u00e9s fejleszt\u0151 k\u00f6zpont m\u00f3dszer alapelveit \u00e9s gyakorlat\u00e1t, k\u00e9pess\u00e9 tenni a HR szakembereket arra, hogy sz\u00ednvonalas k\u00f6zpontokat tudjanak lebonyol\u00edtani \u00f6n\u00e1ll\u00f3an, tudj\u00e1k, mikor \u00e9rdemes k\u00fcls\u0151 szak\u00e9rt\u0151k seg\u00edts\u00e9g\u00e9t k\u00e9rni, \u00e9s ha erre ker\u00fcl sor, l\u00e9nyegre tapint\u00f3 k\u00e9rd\u00e9seket tudjanak feltenni nekik.<\/span><\/p>\n","protected":false},"excerpt":{"rendered":"<p><span data-sheets-value=\"{&quot;1&quot;:2,&quot;2&quot;:&quot;AZ \u00c9RT\u00c9KEL\u0150 \u00c9S FEJLESZT\u0150 K\u00d6ZPONT hat\u00e9kony m\u00f3dszer a legjobb jel\u00f6ltek kiv\u00e1laszt\u00e1s\u00e1ra, a fejleszt\u00e9si sz\u00fcks\u00e9gletek meg\u00e1llap\u00edt\u00e1s\u00e1ra, a kompetenci\u00e1k fejleszt\u00e9s\u00e9re.&quot;}\" data-sheets-userformat=\"{&quot;2&quot;:14851,&quot;3&quot;:{&quot;1&quot;:0},&quot;4&quot;:{&quot;1&quot;:2,&quot;2&quot;:16777215},&quot;12&quot;:0,&quot;14&quot;:{&quot;1&quot;:2,&quot;2&quot;:0},&quot;15&quot;:&quot;Titillium Web&quot;,&quot;16&quot;:10}\">AZ \u00c9RT\u00c9KEL\u0150 \u00c9S FEJLESZT\u0150 K\u00d6ZPONT hat\u00e9kony m\u00f3dszer a legjobb jel\u00f6ltek kiv\u00e1laszt\u00e1s\u00e1ra, a fejleszt\u00e9si sz\u00fcks\u00e9gletek meg\u00e1llap\u00edt\u00e1s\u00e1ra, a kompetenci\u00e1k fejleszt\u00e9s\u00e9re.<\/span><\/p>\n","protected":false},"featured_media":1276,"template":"","meta":[],"product_brand":[],"product_cat":[22],"product_tag":[],"class_list":{"0":"post-836","1":"product","2":"type-product","3":"status-publish","4":"has-post-thumbnail","6":"product_cat-konyvek","8":"first","9":"instock","10":"taxable","11":"shipping-taxable","12":"purchasable","13":"product-type-simple"},"jetpack_sharing_enabled":true,"_links":{"self":[{"href":"https:\/\/segitunkhalehet.hu\/en\/wp-json\/wp\/v2\/product\/836","targetHints":{"allow":["GET"]}}],"collection":[{"href":"https:\/\/segitunkhalehet.hu\/en\/wp-json\/wp\/v2\/product"}],"about":[{"href":"https:\/\/segitunkhalehet.hu\/en\/wp-json\/wp\/v2\/types\/product"}],"wp:featuredmedia":[{"embeddable":true,"href":"https:\/\/segitunkhalehet.hu\/en\/wp-json\/wp\/v2\/media\/1276"}],"wp:attachment":[{"href":"https:\/\/segitunkhalehet.hu\/en\/wp-json\/wp\/v2\/media?parent=836"}],"wp:term":[{"taxonomy":"product_brand","embeddable":true,"href":"https:\/\/segitunkhalehet.hu\/en\/wp-json\/wp\/v2\/product_brand?post=836"},{"taxonomy":"product_cat","embeddable":true,"href":"https:\/\/segitunkhalehet.hu\/en\/wp-json\/wp\/v2\/product_cat?post=836"},{"taxonomy":"product_tag","embeddable":true,"href":"https:\/\/segitunkhalehet.hu\/en\/wp-json\/wp\/v2\/product_tag?post=836"}],"curies":[{"name":"wp","href":"https:\/\/api.w.org\/{rel}","templated":true}]}}