{"id":834,"date":"2023-01-23T15:10:35","date_gmt":"2023-01-23T14:10:35","guid":{"rendered":"http:\/\/segitunkhalehet.node8.macroweb.hu\/?post_type=product&#038;p=834"},"modified":"2023-01-23T15:10:36","modified_gmt":"2023-01-23T14:10:36","slug":"bevezetes-a-biostatisztikaba","status":"publish","type":"product","link":"https:\/\/segitunkhalehet.hu\/en\/termek\/bevezetes-a-biostatisztikaba\/","title":{"rendered":"Bevezet\u00e9s a biostatisztik\u00e1ba"},"content":{"rendered":"<p><span data-sheets-value=\"{&quot;1&quot;:2,&quot;2&quot;:&quot;A statisztika az adatok \u00f6sszegy\u0171jt\u00e9s\u00e9vel, rendszerez\u00e9s\u00e9vel, a bel\u0151l\u00fck levont k\u00f6vetkeztet\u00e9sekkel foglalkozik. A bio el\u0151tag azt jelenti, hogy az \u00e9lettudom\u00e1nyok ter\u00fclet\u00e9r\u0151l val\u00f3 adatokr\u00f3l van sz\u00f3. Hajtman B\u00e9la orvosok sz\u00e1m\u00e1ra \u00edrt, a biostatisztika elemeit tartalmaz\u00f3 ismertet\u0151je j\u00f3 t\u00edz \u00e9ve jelent meg a Lege Artis Medicin\u00e6 has\u00e1bjain; a kiadv\u00e1ny ezeknek a cikkeknek k\u00f6nyv alakba rendezett v\u00e1ltozata. E k\u00f6nyv azonban kor\u00e1ntsem csak az orvosoknak sz\u00f3l. A m\u00f3dszerek bemutat\u00e1sa sor\u00e1n p\u00e9ldak\u00e9nt eml\u00edtett adatok mind olyanok, amelyek mindenki sz\u00e1m\u00e1ra ismer\u0151s\u00f6k, benne vannak a k\u00f6ztudatban: l\u00e1z, v\u00e9rnyom\u00e1s, pulzussz\u00e1m, tests\u00faly, testmagass\u00e1g stb. A szembe\u00e1ll\u00edtott \u201ecsoportok\u201d f\u00e9rfiak \u00e9s n\u0151k, fiatalok \u00e9s \u00f6regek, betegek \u00e9s eg\u00e9szs\u00e9gesek; csupa olyan fogalom, amikkel naponta tal\u00e1lkozunk. Nem orvosi m\u0171szavakba, hanem \u201eorvosi k\u00f6rnyezetbe\u201d \u00e1gyazva ismerheti meg az olvas\u00f3 az adatok term\u00e9szet\u00e9t, a bel\u0151l\u00fck levonhat\u00f3 helyes \u00e9s helytelen k\u00f6vetkeztet\u00e9sek vil\u00e1g\u00e1t. A szerz\u0151 \u201emes\u00e9l\u0151\u201d st\u00edlus\u00e1nak k\u00f6sz\u00f6nhet\u0151en a matematikai gondolkod\u00e1st\u00f3l t\u00e1vol \u00e1ll\u00f3k, esetleg att\u00f3l egyenesen idegenked\u0151k is tudj\u00e1k k\u00f6vetni a gondolatmenetet.&quot;}\" data-sheets-userformat=\"{&quot;2&quot;:7105,&quot;3&quot;:{&quot;1&quot;:0},&quot;9&quot;:1,&quot;10&quot;:1,&quot;11&quot;:0,&quot;12&quot;:0,&quot;14&quot;:{&quot;1&quot;:2,&quot;2&quot;:0},&quot;15&quot;:&quot;Titillium Web&quot;}\">A statisztika az adatok \u00f6sszegy\u0171jt\u00e9s\u00e9vel, rendszerez\u00e9s\u00e9vel, a bel\u0151l\u00fck levont k\u00f6vetkeztet\u00e9sekkel foglalkozik. A bio el\u0151tag azt jelenti, hogy az \u00e9lettudom\u00e1nyok ter\u00fclet\u00e9r\u0151l val\u00f3 adatokr\u00f3l van sz\u00f3. Hajtman B\u00e9la orvosok sz\u00e1m\u00e1ra \u00edrt, a biostatisztika elemeit tartalmaz\u00f3 ismertet\u0151je j\u00f3 t\u00edz \u00e9ve jelent meg a Lege Artis Medicin\u00e6 has\u00e1bjain; a Bevezet\u00e9s a biostatisztik\u00e1ba c\u00edm\u0171 kiadv\u00e1ny ezeknek a cikkeknek k\u00f6nyv alakba rendezett v\u00e1ltozata. E k\u00f6nyv azonban kor\u00e1ntsem csak az orvosoknak sz\u00f3l. A m\u00f3dszerek bemutat\u00e1sa sor\u00e1n p\u00e9ldak\u00e9nt eml\u00edtett adatok mind olyanok, amelyek mindenki sz\u00e1m\u00e1ra ismer\u0151s\u00f6k, benne vannak a k\u00f6ztudatban: l\u00e1z, v\u00e9rnyom\u00e1s, pulzussz\u00e1m, tests\u00faly, testmagass\u00e1g stb. A szembe\u00e1ll\u00edtott \u201ecsoportok\u201d f\u00e9rfiak \u00e9s n\u0151k, fiatalok \u00e9s \u00f6regek, betegek \u00e9s eg\u00e9szs\u00e9gesek; csupa olyan fogalom, amikkel naponta tal\u00e1lkozunk. Nem orvosi m\u0171szavakba, hanem \u201eorvosi k\u00f6rnyezetbe\u201d \u00e1gyazva ismerheti meg az olvas\u00f3 az adatok term\u00e9szet\u00e9t, a bel\u0151l\u00fck levonhat\u00f3 helyes \u00e9s helytelen k\u00f6vetkeztet\u00e9sek vil\u00e1g\u00e1t. A szerz\u0151 \u201emes\u00e9l\u0151\u201d st\u00edlus\u00e1nak k\u00f6sz\u00f6nhet\u0151en a matematikai gondolkod\u00e1st\u00f3l t\u00e1vol \u00e1ll\u00f3k, esetleg att\u00f3l egyenesen idegenked\u0151k is tudj\u00e1k k\u00f6vetni a gondolatmenetet.<\/span><\/p>\n","protected":false},"excerpt":{"rendered":"<p><span data-sheets-value=\"{&quot;1&quot;:2,&quot;2&quot;:&quot;A szerz\u0151 \u201emes\u00e9l\u0151\u201d st\u00edlus\u00e1nak k\u00f6sz\u00f6nhet\u0151en a matematikai gondolkod\u00e1st\u00f3l t\u00e1vol \u00e1ll\u00f3k, esetleg att\u00f3l egyenesen idegenked\u0151k is tudj\u00e1k k\u00f6vetni a gondolatmenetet.&quot;}\" data-sheets-userformat=\"{&quot;2&quot;:14977,&quot;3&quot;:{&quot;1&quot;:0},&quot;10&quot;:2,&quot;12&quot;:0,&quot;14&quot;:{&quot;1&quot;:2,&quot;2&quot;:0},&quot;15&quot;:&quot;Titillium Web&quot;,&quot;16&quot;:10}\">A szerz\u0151 \u201emes\u00e9l\u0151\u201d st\u00edlus\u00e1nak k\u00f6sz\u00f6nhet\u0151en a matematikai gondolkod\u00e1st\u00f3l t\u00e1vol \u00e1ll\u00f3k, esetleg att\u00f3l egyenesen idegenked\u0151k is tudj\u00e1k k\u00f6vetni a gondolatmenetet.<\/span><\/p>\n","protected":false},"featured_media":1265,"template":"","meta":[],"product_brand":[],"product_cat":[22],"product_tag":[],"class_list":{"0":"post-834","1":"product","2":"type-product","3":"status-publish","4":"has-post-thumbnail","6":"product_cat-konyvek","8":"first","9":"instock","10":"taxable","11":"shipping-taxable","12":"purchasable","13":"product-type-simple"},"jetpack_sharing_enabled":true,"_links":{"self":[{"href":"https:\/\/segitunkhalehet.hu\/en\/wp-json\/wp\/v2\/product\/834","targetHints":{"allow":["GET"]}}],"collection":[{"href":"https:\/\/segitunkhalehet.hu\/en\/wp-json\/wp\/v2\/product"}],"about":[{"href":"https:\/\/segitunkhalehet.hu\/en\/wp-json\/wp\/v2\/types\/product"}],"wp:featuredmedia":[{"embeddable":true,"href":"https:\/\/segitunkhalehet.hu\/en\/wp-json\/wp\/v2\/media\/1265"}],"wp:attachment":[{"href":"https:\/\/segitunkhalehet.hu\/en\/wp-json\/wp\/v2\/media?parent=834"}],"wp:term":[{"taxonomy":"product_brand","embeddable":true,"href":"https:\/\/segitunkhalehet.hu\/en\/wp-json\/wp\/v2\/product_brand?post=834"},{"taxonomy":"product_cat","embeddable":true,"href":"https:\/\/segitunkhalehet.hu\/en\/wp-json\/wp\/v2\/product_cat?post=834"},{"taxonomy":"product_tag","embeddable":true,"href":"https:\/\/segitunkhalehet.hu\/en\/wp-json\/wp\/v2\/product_tag?post=834"}],"curies":[{"name":"wp","href":"https:\/\/api.w.org\/{rel}","templated":true}]}}