{"id":831,"date":"2023-01-23T14:36:10","date_gmt":"2023-01-23T13:36:10","guid":{"rendered":"http:\/\/segitunkhalehet.node8.macroweb.hu\/?post_type=product&#038;p=831"},"modified":"2023-01-23T14:36:10","modified_gmt":"2023-01-23T13:36:10","slug":"tebolykeringo","status":"publish","type":"product","link":"https:\/\/segitunkhalehet.hu\/en\/termek\/tebolykeringo\/","title":{"rendered":"T\u00e9bolykering\u0151"},"content":{"rendered":"<p><span data-sheets-value=\"{&quot;1&quot;:2,&quot;2&quot;:&quot;A pszichi\u00e1ter\/pszichol\u00f3gus szerz\u0151p\u00e1ros \u00e9vtizedek \u00f3ta dolgozik sikeresen az emberi kapcsolatok vil\u00e1g\u00e1nak k\u00fcl\u00f6nb\u00f6z\u0151 ter\u00fcletein, \u00e9s jelentik meg sikeres \u00edr\u00e1saikat. \u00daj k\u00f6nyv\u00fckben betekint\u00e9st ny\u00fajtanak a magyar \u00e9s egyetemes pszichi\u00e1tria k\u00f6zelm\u00faltj\u00e1ba, jelen\u00e9be \u00e9s t\u00e1vlataiba. A k\u00f6nyvben megjelennek a pszichi\u00e1tria aktu\u00e1lis probl\u00e9m\u00e1ir\u00f3l, \u00e9s a vil\u00e1got fenyeget\u0151 vesz\u00e9lyekr\u0151l sz\u00f3l\u00f3 gondolatok, s a j\u00f6v\u0151kutat\u00e1s leg\u00e9rdekesebb n\u00e9zetei. A sz\u00f3rakoztat\u00f3 st\u00edlus m\u00f6g\u00f6tt v\u00e9gig \u00e9rezhet\u0151 a szerz\u0151k \u00f3vatos f\u00e9lelme a v\u00e9gletesen bizonytalann\u00e1 v\u00e1lt j\u00f6v\u0151t\u0151l. A k\u00f6nyv m\u00e9gis \u00faj es\u00e9lyt ad a pszichi\u00e1tri\u00e1nak az \u00fajj\u00e1sz\u00fclet\u00e9sre, az \u00e1talakul\u00e1sra, hiszen ahogy Freud mondta egykor: \\&quot;Az eg\u00e9sz emberis\u00e9g a p\u00e1ciens\u00fcnk\\&quot;.&quot;}\" data-sheets-userformat=\"{&quot;2&quot;:7105,&quot;3&quot;:{&quot;1&quot;:0},&quot;9&quot;:1,&quot;10&quot;:1,&quot;11&quot;:0,&quot;12&quot;:0,&quot;14&quot;:{&quot;1&quot;:2,&quot;2&quot;:0},&quot;15&quot;:&quot;Titillium Web&quot;}\">A pszichi\u00e1ter\/pszichol\u00f3gus szerz\u0151p\u00e1ros \u00e9vtizedek \u00f3ta dolgozik sikeresen az emberi kapcsolatok vil\u00e1g\u00e1nak k\u00fcl\u00f6nb\u00f6z\u0151 ter\u00fcletein, \u00e9s jelentik meg sikeres \u00edr\u00e1saikat. \u00daj, T\u00e9bolykering\u0151 c\u00edm\u0171 k\u00f6nyv\u00fckben betekint\u00e9st ny\u00fajtanak a magyar \u00e9s egyetemes pszichi\u00e1tria k\u00f6zelm\u00faltj\u00e1ba, jelen\u00e9be \u00e9s t\u00e1vlataiba. A k\u00f6nyvben megjelennek a pszichi\u00e1tria aktu\u00e1lis probl\u00e9m\u00e1ir\u00f3l, \u00e9s a vil\u00e1got fenyeget\u0151 vesz\u00e9lyekr\u0151l sz\u00f3l\u00f3 gondolatok, s a j\u00f6v\u0151kutat\u00e1s leg\u00e9rdekesebb n\u00e9zetei. A sz\u00f3rakoztat\u00f3 st\u00edlus m\u00f6g\u00f6tt v\u00e9gig \u00e9rezhet\u0151 a szerz\u0151k \u00f3vatos f\u00e9lelme a v\u00e9gletesen bizonytalann\u00e1 v\u00e1lt j\u00f6v\u0151t\u0151l. A k\u00f6nyv m\u00e9gis \u00faj es\u00e9lyt ad a pszichi\u00e1tri\u00e1nak az \u00fajj\u00e1sz\u00fclet\u00e9sre, az \u00e1talakul\u00e1sra, hiszen ahogy Freud mondta egykor: &#8220;Az eg\u00e9sz emberis\u00e9g a p\u00e1ciens\u00fcnk&#8221;.<\/span><\/p>\n","protected":false},"excerpt":{"rendered":"<p><span data-sheets-value=\"{&quot;1&quot;:2,&quot;2&quot;:&quot;A pszichi\u00e1ter\/pszichol\u00f3gus szerz\u0151p\u00e1ros \u00faj k\u00f6nyv\u00fckben betekint\u00e9st ny\u00fajtanak a magyar \u00e9s egyetemes pszichi\u00e1tria k\u00f6zelm\u00faltj\u00e1ba, jelen\u00e9be \u00e9s t\u00e1vlataiba.&quot;}\" data-sheets-userformat=\"{&quot;2&quot;:14977,&quot;3&quot;:{&quot;1&quot;:0},&quot;10&quot;:2,&quot;12&quot;:0,&quot;14&quot;:{&quot;1&quot;:2,&quot;2&quot;:0},&quot;15&quot;:&quot;Titillium Web&quot;,&quot;16&quot;:10}\">A pszichi\u00e1ter\/pszichol\u00f3gus szerz\u0151p\u00e1ros \u00faj k\u00f6nyv\u00fckben betekint\u00e9st ny\u00fajtanak a magyar \u00e9s egyetemes pszichi\u00e1tria k\u00f6zelm\u00faltj\u00e1ba, jelen\u00e9be \u00e9s t\u00e1vlataiba.<\/span><\/p>\n","protected":false},"featured_media":1242,"template":"","meta":[],"product_brand":[],"product_cat":[22],"product_tag":[],"class_list":{"0":"post-831","1":"product","2":"type-product","3":"status-publish","4":"has-post-thumbnail","6":"product_cat-konyvek","8":"first","9":"instock","10":"taxable","11":"shipping-taxable","12":"purchasable","13":"product-type-simple"},"jetpack_sharing_enabled":true,"_links":{"self":[{"href":"https:\/\/segitunkhalehet.hu\/en\/wp-json\/wp\/v2\/product\/831","targetHints":{"allow":["GET"]}}],"collection":[{"href":"https:\/\/segitunkhalehet.hu\/en\/wp-json\/wp\/v2\/product"}],"about":[{"href":"https:\/\/segitunkhalehet.hu\/en\/wp-json\/wp\/v2\/types\/product"}],"wp:featuredmedia":[{"embeddable":true,"href":"https:\/\/segitunkhalehet.hu\/en\/wp-json\/wp\/v2\/media\/1242"}],"wp:attachment":[{"href":"https:\/\/segitunkhalehet.hu\/en\/wp-json\/wp\/v2\/media?parent=831"}],"wp:term":[{"taxonomy":"product_brand","embeddable":true,"href":"https:\/\/segitunkhalehet.hu\/en\/wp-json\/wp\/v2\/product_brand?post=831"},{"taxonomy":"product_cat","embeddable":true,"href":"https:\/\/segitunkhalehet.hu\/en\/wp-json\/wp\/v2\/product_cat?post=831"},{"taxonomy":"product_tag","embeddable":true,"href":"https:\/\/segitunkhalehet.hu\/en\/wp-json\/wp\/v2\/product_tag?post=831"}],"curies":[{"name":"wp","href":"https:\/\/api.w.org\/{rel}","templated":true}]}}