{"id":829,"date":"2023-01-23T13:24:55","date_gmt":"2023-01-23T12:24:55","guid":{"rendered":"http:\/\/segitunkhalehet.node8.macroweb.hu\/?post_type=product&#038;p=829"},"modified":"2023-01-23T13:24:55","modified_gmt":"2023-01-23T12:24:55","slug":"kafka-maskepp","status":"publish","type":"product","link":"https:\/\/segitunkhalehet.hu\/en\/termek\/kafka-maskepp\/","title":{"rendered":"Kafka m\u00e1sK\u00c9Pp"},"content":{"rendered":"<p><span data-sheets-value=\"{&quot;1&quot;:2,&quot;2&quot;:&quot;\u201eMi k\u00f6z\u00f6m lenne a zsid\u00f3khoz? Hiszen m\u00e9g \u00f6nmagamhoz sem hasonl\u00edtok!\u201d Semmi sem t\u00fckr\u00f6zhetn\u00e9 h\u0171ebben Franz Kafka egy\u00e9nis\u00e9g\u00e9t, illetve mag\u00e1t a szerz\u0151t, aki bar\u00e1tai elmond\u00e1sa alapj\u00e1n mintha csak \u201e\u00fcvegfal\u201d m\u00f6g\u00f6tt \u00e9lt volna. Kafka a jiddis mesemond\u00f3k hagyom\u00e1nyait k\u00f6vetve alkotott, \u00e9s megh\u00f6kkent\u0151 mes\u00e9iben m\u00e9g az \u00e1lland\u00f3 \u00f6nmegal\u00e1ztat\u00e1shoz is egy kis humor kevert. A r\u00e9gi hagyom\u00e1nyokat v\u00e9gtelen tudatoss\u00e1g\u00e1val gazdag\u00edtotta, miut\u00e1n gy\u00f6kereit\u0151l, csal\u00e1dj\u00e1t\u00f3l, k\u00f6rnyezet\u00e9t\u0151l \u00e9s els\u0151 sorban saj\u00e1t test\u00e9t\u0151l elidegenedve, olyan egyedi irodalmi nyelvet alkotott, amelyben elrejt\u0151zhet vagy ak\u00e1r \u00e1tv\u00e1ltozhat cs\u00f3t\u00e1nny\u00e1, majomm\u00e1, kuty\u00e1v\u00e1, vakondd\u00e1, s\u0151t m\u00e9g cirkuszi m\u0171v\u00e9ssz\u00e9 is, hogy a nagy\u00e9rdem\u0171 publikum el\u0151tt hal\u00e1lra \u00e9heztesse mag\u00e1t. David Mairowitz ragyog\u00f3 bevezet\u0151je nyom\u00e1n, valamint az underground vil\u00e1g legh\u00edresebb k\u00e9preg\u00e9ny-rajzol\u00f3ja, Robert Crumb illusztr\u00e1ci\u00f3inak seg\u00edts\u00e9g\u00e9vel betekint\u00e9st nyerhet\u00fcnk a \u201ekafkai\u201d vil\u00e1g\u00e9rz\u00e9s m\u00e9lyl\u00e9lektan\u00e1ba \u00e9s megb\u00e1mulhatjuk a csodabogarat az \u00fcvegfal m\u00f6g\u00f6tt.&quot;}\" data-sheets-userformat=\"{&quot;2&quot;:15297,&quot;3&quot;:{&quot;1&quot;:0},&quot;9&quot;:1,&quot;10&quot;:1,&quot;11&quot;:0,&quot;12&quot;:0,&quot;14&quot;:{&quot;1&quot;:2,&quot;2&quot;:0},&quot;15&quot;:&quot;Titillium Web&quot;,&quot;16&quot;:10}\">\u201eMi k\u00f6z\u00f6m lenne a zsid\u00f3khoz? Hiszen m\u00e9g \u00f6nmagamhoz sem hasonl\u00edtok!\u201d Semmi sem t\u00fckr\u00f6zhetn\u00e9 h\u0171ebben Franz Kafka egy\u00e9nis\u00e9g\u00e9t, illetve mag\u00e1t a szerz\u0151t, aki bar\u00e1tai elmond\u00e1sa alapj\u00e1n mintha csak \u201e\u00fcvegfal\u201d m\u00f6g\u00f6tt \u00e9lt volna. Kafka a jiddis mesemond\u00f3k hagyom\u00e1nyait k\u00f6vetve alkotott, \u00e9s megh\u00f6kkent\u0151 mes\u00e9iben m\u00e9g az \u00e1lland\u00f3 \u00f6nmegal\u00e1ztat\u00e1shoz is egy kis humor kevert. A r\u00e9gi hagyom\u00e1nyokat v\u00e9gtelen tudatoss\u00e1g\u00e1val gazdag\u00edtotta, miut\u00e1n gy\u00f6kereit\u0151l, csal\u00e1dj\u00e1t\u00f3l, k\u00f6rnyezet\u00e9t\u0151l \u00e9s els\u0151 sorban saj\u00e1t test\u00e9t\u0151l elidegenedve, olyan egyedi irodalmi nyelvet alkotott, amelyben elrejt\u0151zhet vagy ak\u00e1r \u00e1tv\u00e1ltozhat cs\u00f3t\u00e1nny\u00e1, majomm\u00e1, kuty\u00e1v\u00e1, vakondd\u00e1, s\u0151t m\u00e9g cirkuszi m\u0171v\u00e9ssz\u00e9 is, hogy a nagy\u00e9rdem\u0171 publikum el\u0151tt hal\u00e1lra \u00e9heztesse mag\u00e1t. David Mairowitz ragyog\u00f3 bevezet\u0151je nyom\u00e1n, valamint az underground vil\u00e1g legh\u00edresebb k\u00e9preg\u00e9ny-rajzol\u00f3ja, Robert Crumb illusztr\u00e1ci\u00f3inak seg\u00edts\u00e9g\u00e9vel betekint\u00e9st nyerhet\u00fcnk a \u201ekafkai\u201d vil\u00e1g\u00e9rz\u00e9s m\u00e9lyl\u00e9lektan\u00e1ba \u00e9s megb\u00e1mulhatjuk a csodabogarat az \u00fcvegfal m\u00f6g\u00f6tt.<\/span><\/p>\n","protected":false},"excerpt":{"rendered":"<p><span data-sheets-value=\"{&quot;1&quot;:2,&quot;2&quot;:&quot;David Mairowitz \u00e9s Robert Crumb illusztr\u00e1ci\u00f3inak seg\u00edts\u00e9g\u00e9vel betekint\u00e9st nyerhet\u00fcnk a \u201ekafkai\u201d vil\u00e1g\u00e9rz\u00e9s m\u00e9lyl\u00e9lektan\u00e1ba&quot;}\" data-sheets-userformat=\"{&quot;2&quot;:14977,&quot;3&quot;:{&quot;1&quot;:0},&quot;10&quot;:2,&quot;12&quot;:0,&quot;14&quot;:{&quot;1&quot;:2,&quot;2&quot;:0},&quot;15&quot;:&quot;Titillium Web&quot;,&quot;16&quot;:10}\">David Mairowitz \u00e9s Robert Crumb illusztr\u00e1ci\u00f3inak seg\u00edts\u00e9g\u00e9vel betekint\u00e9st nyerhet\u00fcnk a \u201ekafkai\u201d vil\u00e1g\u00e9rz\u00e9s m\u00e9lyl\u00e9lektan\u00e1ba.<\/span><\/p>\n","protected":false},"featured_media":1237,"template":"","meta":[],"product_brand":[],"product_cat":[22],"product_tag":[],"class_list":{"0":"post-829","1":"product","2":"type-product","3":"status-publish","4":"has-post-thumbnail","6":"product_cat-konyvek","8":"first","9":"instock","10":"taxable","11":"shipping-taxable","12":"purchasable","13":"product-type-simple"},"jetpack_sharing_enabled":true,"_links":{"self":[{"href":"https:\/\/segitunkhalehet.hu\/en\/wp-json\/wp\/v2\/product\/829","targetHints":{"allow":["GET"]}}],"collection":[{"href":"https:\/\/segitunkhalehet.hu\/en\/wp-json\/wp\/v2\/product"}],"about":[{"href":"https:\/\/segitunkhalehet.hu\/en\/wp-json\/wp\/v2\/types\/product"}],"wp:featuredmedia":[{"embeddable":true,"href":"https:\/\/segitunkhalehet.hu\/en\/wp-json\/wp\/v2\/media\/1237"}],"wp:attachment":[{"href":"https:\/\/segitunkhalehet.hu\/en\/wp-json\/wp\/v2\/media?parent=829"}],"wp:term":[{"taxonomy":"product_brand","embeddable":true,"href":"https:\/\/segitunkhalehet.hu\/en\/wp-json\/wp\/v2\/product_brand?post=829"},{"taxonomy":"product_cat","embeddable":true,"href":"https:\/\/segitunkhalehet.hu\/en\/wp-json\/wp\/v2\/product_cat?post=829"},{"taxonomy":"product_tag","embeddable":true,"href":"https:\/\/segitunkhalehet.hu\/en\/wp-json\/wp\/v2\/product_tag?post=829"}],"curies":[{"name":"wp","href":"https:\/\/api.w.org\/{rel}","templated":true}]}}