{"id":796,"date":"2023-01-23T12:50:57","date_gmt":"2023-01-23T11:50:57","guid":{"rendered":"http:\/\/segitunkhalehet.node8.macroweb.hu\/?post_type=product&#038;p=796"},"modified":"2023-01-23T12:50:58","modified_gmt":"2023-01-23T11:50:58","slug":"a-matematikatanulas-pszichologiaja","status":"publish","type":"product","link":"https:\/\/segitunkhalehet.hu\/en\/termek\/a-matematikatanulas-pszichologiaja\/","title":{"rendered":"A matematikatanul\u00e1s pszichol\u00f3gi\u00e1ja"},"content":{"rendered":"<p><span data-sheets-value=\"{&quot;1&quot;:2,&quot;2&quot;:&quot;Skemp k\u00f6nyve t\u00f6bb mint 30 \u00e9vvel ezel\u0151tt az\u00e9rt sz\u00fcletett meg, hogy \u00e9rdemes legyen az iskol\u00e1kban matematik\u00e1t tan\u00edtani. A gyermek\u00fcket fejleszteni akar\u00f3 sz\u00fcl\u0151knek is sz\u00f3l, de els\u0151sorban term\u00e9szetesen a tan\u00edt\u00f3knak \u00e9s a matematikatan\u00e1roknak.&quot;}\" data-sheets-userformat=\"{&quot;2&quot;:7105,&quot;3&quot;:{&quot;1&quot;:0},&quot;9&quot;:1,&quot;10&quot;:1,&quot;11&quot;:0,&quot;12&quot;:0,&quot;14&quot;:{&quot;1&quot;:2,&quot;2&quot;:0},&quot;15&quot;:&quot;Titillium Web&quot;}\">Skemp A matematikatanul\u00e1s pszichol\u00f3gi\u00e1ja c\u00edm\u0171 k\u00f6nyve t\u00f6bb mint 30 \u00e9vvel ezel\u0151tt az\u00e9rt sz\u00fcletett meg, hogy \u00e9rdemes legyen az iskol\u00e1kban matematik\u00e1t tan\u00edtani. A gyermek\u00fcket fejleszteni akar\u00f3 sz\u00fcl\u0151knek is sz\u00f3l, de els\u0151sorban term\u00e9szetesen a tan\u00edt\u00f3knak \u00e9s a matematikatan\u00e1roknak.<\/span><\/p>\n","protected":false},"excerpt":{"rendered":"<p><span data-sheets-value=\"{&quot;1&quot;:2,&quot;2&quot;:&quot;Skemp k\u00f6nyve t\u00f6bb mint 30 \u00e9vvel ezel\u0151tt az\u00e9rt sz\u00fcletett meg, hogy \u00e9rdemes legyen az iskol\u00e1kban matematik\u00e1t tan\u00edtani. A gyermek\u00fcket fejleszteni akar\u00f3 sz\u00fcl\u0151knek is sz\u00f3l, de els\u0151sorban term\u00e9szetesen a tan\u00edt\u00f3knak \u00e9s a matematikatan\u00e1roknak.&quot;}\" data-sheets-userformat=\"{&quot;2&quot;:7105,&quot;3&quot;:{&quot;1&quot;:0},&quot;9&quot;:1,&quot;10&quot;:1,&quot;11&quot;:0,&quot;12&quot;:0,&quot;14&quot;:{&quot;1&quot;:2,&quot;2&quot;:0},&quot;15&quot;:&quot;Titillium Web&quot;}\">Skemp k\u00f6nyve t\u00f6bb mint 30 \u00e9vvel ezel\u0151tt az\u00e9rt sz\u00fcletett meg, hogy \u00e9rdemes legyen az iskol\u00e1kban matematik\u00e1t tan\u00edtani. <\/span><\/p>\n","protected":false},"featured_media":1217,"template":"","meta":[],"product_brand":[],"product_cat":[22],"product_tag":[],"class_list":{"0":"post-796","1":"product","2":"type-product","3":"status-publish","4":"has-post-thumbnail","6":"product_cat-konyvek","8":"first","9":"instock","10":"taxable","11":"shipping-taxable","12":"purchasable","13":"product-type-simple"},"jetpack_sharing_enabled":true,"_links":{"self":[{"href":"https:\/\/segitunkhalehet.hu\/en\/wp-json\/wp\/v2\/product\/796","targetHints":{"allow":["GET"]}}],"collection":[{"href":"https:\/\/segitunkhalehet.hu\/en\/wp-json\/wp\/v2\/product"}],"about":[{"href":"https:\/\/segitunkhalehet.hu\/en\/wp-json\/wp\/v2\/types\/product"}],"wp:featuredmedia":[{"embeddable":true,"href":"https:\/\/segitunkhalehet.hu\/en\/wp-json\/wp\/v2\/media\/1217"}],"wp:attachment":[{"href":"https:\/\/segitunkhalehet.hu\/en\/wp-json\/wp\/v2\/media?parent=796"}],"wp:term":[{"taxonomy":"product_brand","embeddable":true,"href":"https:\/\/segitunkhalehet.hu\/en\/wp-json\/wp\/v2\/product_brand?post=796"},{"taxonomy":"product_cat","embeddable":true,"href":"https:\/\/segitunkhalehet.hu\/en\/wp-json\/wp\/v2\/product_cat?post=796"},{"taxonomy":"product_tag","embeddable":true,"href":"https:\/\/segitunkhalehet.hu\/en\/wp-json\/wp\/v2\/product_tag?post=796"}],"curies":[{"name":"wp","href":"https:\/\/api.w.org\/{rel}","templated":true}]}}