{"id":787,"date":"2023-01-07T06:54:41","date_gmt":"2023-01-07T05:54:41","guid":{"rendered":"http:\/\/segitunkhalehet.node8.macroweb.hu\/?post_type=product&#038;p=787"},"modified":"2023-01-23T12:59:44","modified_gmt":"2023-01-23T11:59:44","slug":"a-tanulas-szabadsaga","status":"publish","type":"product","link":"https:\/\/segitunkhalehet.hu\/en\/termek\/a-tanulas-szabadsaga\/","title":{"rendered":"A tanul\u00e1s szabads\u00e1ga"},"content":{"rendered":"<p><span data-sheets-value=\"{&quot;1&quot;:2,&quot;2&quot;:&quot;A pedag\u00f3gia tal\u00e1n a legfontosabb eszk\u00f6ze lehet annak, hogy a j\u00f6v\u0151 nemzed\u00e9ke egy igazs\u00e1gosabb \u00e9s emberibb t\u00e1rsadalomban boldogabb \u00e9letet \u00e9lhessen.&quot;}\" data-sheets-userformat=\"{&quot;2&quot;:7107,&quot;3&quot;:{&quot;1&quot;:0},&quot;4&quot;:{&quot;1&quot;:2,&quot;2&quot;:16770457},&quot;9&quot;:1,&quot;10&quot;:1,&quot;11&quot;:0,&quot;12&quot;:0,&quot;14&quot;:{&quot;1&quot;:2,&quot;2&quot;:0},&quot;15&quot;:&quot;Titillium Web&quot;}\">A tanul\u00e1s szabads\u00e1ga c\u00edm\u0171 m\u0171 bemutatja, hogy a pedag\u00f3gia tal\u00e1n a legfontosabb eszk\u00f6ze lehet annak, hogy a j\u00f6v\u0151 nemzed\u00e9ke egy igazs\u00e1gosabb \u00e9s emberibb t\u00e1rsadalomban boldogabb \u00e9letet \u00e9lhessen.<\/span><\/p>\n","protected":false},"excerpt":{"rendered":"<p><span data-sheets-value=\"{&quot;1&quot;:2,&quot;2&quot;:&quot;A pedag\u00f3gia tal\u00e1n a legfontosabb eszk\u00f6ze lehet annak, hogy a j\u00f6v\u0151 nemzed\u00e9ke egy igazs\u00e1gosabb \u00e9s emberibb t\u00e1rsadalomban boldogabb \u00e9letet \u00e9lhessen.&quot;}\" data-sheets-userformat=\"{&quot;2&quot;:7107,&quot;3&quot;:{&quot;1&quot;:0},&quot;4&quot;:{&quot;1&quot;:2,&quot;2&quot;:16770457},&quot;9&quot;:1,&quot;10&quot;:1,&quot;11&quot;:0,&quot;12&quot;:0,&quot;14&quot;:{&quot;1&quot;:2,&quot;2&quot;:0},&quot;15&quot;:&quot;Titillium Web&quot;}\">A pedag\u00f3gia tal\u00e1n a legfontosabb eszk\u00f6ze lehet annak, hogy a j\u00f6v\u0151 nemzed\u00e9ke egy igazs\u00e1gosabb \u00e9s emberibb t\u00e1rsadalomban boldogabb \u00e9letet \u00e9lhessen.<\/span><\/p>\n","protected":false},"featured_media":1221,"template":"","meta":[],"product_brand":[],"product_cat":[22],"product_tag":[],"class_list":{"0":"post-787","1":"product","2":"type-product","3":"status-publish","4":"has-post-thumbnail","6":"product_cat-konyvek","8":"first","9":"instock","10":"taxable","11":"shipping-taxable","12":"purchasable","13":"product-type-simple"},"jetpack_sharing_enabled":true,"_links":{"self":[{"href":"https:\/\/segitunkhalehet.hu\/en\/wp-json\/wp\/v2\/product\/787","targetHints":{"allow":["GET"]}}],"collection":[{"href":"https:\/\/segitunkhalehet.hu\/en\/wp-json\/wp\/v2\/product"}],"about":[{"href":"https:\/\/segitunkhalehet.hu\/en\/wp-json\/wp\/v2\/types\/product"}],"wp:featuredmedia":[{"embeddable":true,"href":"https:\/\/segitunkhalehet.hu\/en\/wp-json\/wp\/v2\/media\/1221"}],"wp:attachment":[{"href":"https:\/\/segitunkhalehet.hu\/en\/wp-json\/wp\/v2\/media?parent=787"}],"wp:term":[{"taxonomy":"product_brand","embeddable":true,"href":"https:\/\/segitunkhalehet.hu\/en\/wp-json\/wp\/v2\/product_brand?post=787"},{"taxonomy":"product_cat","embeddable":true,"href":"https:\/\/segitunkhalehet.hu\/en\/wp-json\/wp\/v2\/product_cat?post=787"},{"taxonomy":"product_tag","embeddable":true,"href":"https:\/\/segitunkhalehet.hu\/en\/wp-json\/wp\/v2\/product_tag?post=787"}],"curies":[{"name":"wp","href":"https:\/\/api.w.org\/{rel}","templated":true}]}}