{"id":728,"date":"2022-12-22T06:28:32","date_gmt":"2022-12-22T05:28:32","guid":{"rendered":"http:\/\/segitunkhalehet.node8.macroweb.hu\/?post_type=product&#038;p=728"},"modified":"2023-01-25T13:17:11","modified_gmt":"2023-01-25T12:17:11","slug":"a-team-avagy-az-egyuttmukodo-csoport","status":"publish","type":"product","link":"https:\/\/segitunkhalehet.hu\/en\/termek\/a-team-avagy-az-egyuttmukodo-csoport\/","title":{"rendered":"A Team, avagy az egy\u00fcttm\u0171k\u00f6d\u0151 csoport"},"content":{"rendered":"<p>&#8220;Kell egy csapat!&#8221; &#8211; hallani manaps\u00e1g minden\u00fcnnen. Nem arr\u00f3l van sz\u00f3, hogy le\u00e9rt\u00e9kel\u0151dtek a zseni\u00e1lis tud\u00f3sok, mag\u00e1nyos h\u0151s\u00f6k, gyorsl\u00e1b\u00fa sprinterek, de k\u00e9ts\u00e9gtelen, hogy \u00f6sszetettebb\u00e9, bonyolultabb\u00e1 v\u00e1ltak a feladatok, \u00e9lesebb\u00e9 a verseny. Belbin a hat\u00e9kony vezet\u0151i teamek kialak\u00edt\u00e1s\u00e1nak egyik legismertebb szak\u00e9rt\u0151je. A Team, avagy az egy\u00fcttm\u0171k\u00f6d\u0151 csoport k\u00f6nyv\u00e9nek meg\u00edr\u00e1s\u00e1t, t\u00f6bb \u00e9vtizedes kutat\u00f3munka el\u0151zte meg.<\/p>\n","protected":false},"excerpt":{"rendered":"<p>\u201cKell egy csapat!\u201d \u2013 hallani manaps\u00e1g minden\u00fcnnen. Nem arr\u00f3l van sz\u00f3, hogy le\u00e9rt\u00e9kel\u0151dtek a zseni\u00e1lis tud\u00f3sok, mag\u00e1nyos h\u0151s\u00f6k, gyorsl\u00e1b\u00fa sprinterek, de k\u00e9ts\u00e9gtelen, hogy \u00f6sszetettebb\u00e9, bonyolultabb\u00e1 v\u00e1ltak a feladatok, \u00e9lesebb\u00e9 a verseny.<\/p>\n","protected":false},"featured_media":1037,"template":"","meta":[],"product_brand":[],"product_cat":[22],"product_tag":[],"class_list":{"0":"post-728","1":"product","2":"type-product","3":"status-publish","4":"has-post-thumbnail","6":"product_cat-konyvek","8":"first","9":"instock","10":"taxable","11":"shipping-taxable","12":"purchasable","13":"product-type-simple"},"jetpack_sharing_enabled":true,"_links":{"self":[{"href":"https:\/\/segitunkhalehet.hu\/en\/wp-json\/wp\/v2\/product\/728","targetHints":{"allow":["GET"]}}],"collection":[{"href":"https:\/\/segitunkhalehet.hu\/en\/wp-json\/wp\/v2\/product"}],"about":[{"href":"https:\/\/segitunkhalehet.hu\/en\/wp-json\/wp\/v2\/types\/product"}],"wp:featuredmedia":[{"embeddable":true,"href":"https:\/\/segitunkhalehet.hu\/en\/wp-json\/wp\/v2\/media\/1037"}],"wp:attachment":[{"href":"https:\/\/segitunkhalehet.hu\/en\/wp-json\/wp\/v2\/media?parent=728"}],"wp:term":[{"taxonomy":"product_brand","embeddable":true,"href":"https:\/\/segitunkhalehet.hu\/en\/wp-json\/wp\/v2\/product_brand?post=728"},{"taxonomy":"product_cat","embeddable":true,"href":"https:\/\/segitunkhalehet.hu\/en\/wp-json\/wp\/v2\/product_cat?post=728"},{"taxonomy":"product_tag","embeddable":true,"href":"https:\/\/segitunkhalehet.hu\/en\/wp-json\/wp\/v2\/product_tag?post=728"}],"curies":[{"name":"wp","href":"https:\/\/api.w.org\/{rel}","templated":true}]}}