{"id":553,"date":"2022-12-02T06:14:02","date_gmt":"2022-12-02T05:14:02","guid":{"rendered":"http:\/\/segitunkhalehet.node8.macroweb.hu\/?post_type=product&#038;p=553"},"modified":"2023-01-25T13:19:09","modified_gmt":"2023-01-25T12:19:09","slug":"szulok-es-gyermekek","status":"publish","type":"product","link":"https:\/\/segitunkhalehet.hu\/en\/termek\/szulok-es-gyermekek\/","title":{"rendered":"Sz\u00fcl\u0151k \u00e9s gyermekek"},"content":{"rendered":"<p>Minden sz\u00fcl\u0151 azt szeretn\u00e9, hogy a gyermeke bizakod\u00f3, boldog legyen, hogy el\u00e9gedett, sikeres feln\u0151tt v\u00e1lj\u00e9k bel\u0151le. Ehhez aj\u00e1nljuk Haim Ginott Sz\u00fcl\u0151k \u00e9s gyermekek m\u0171v\u00e9t.<\/p>\n","protected":false},"excerpt":{"rendered":"<p>Minden sz\u00fcl\u0151 azt szeretn\u00e9, hogy a gyermeke bizakod\u00f3, boldog legyen, hogy el\u00e9gedett, sikeres feln\u0151tt v\u00e1lj\u00e9k bel\u0151le.<\/p>\n","protected":false},"featured_media":1039,"template":"","meta":[],"product_brand":[],"product_cat":[22],"product_tag":[],"class_list":{"0":"post-553","1":"product","2":"type-product","3":"status-publish","4":"has-post-thumbnail","6":"product_cat-konyvek","8":"first","9":"instock","10":"taxable","11":"shipping-taxable","12":"purchasable","13":"product-type-simple"},"jetpack_sharing_enabled":true,"_links":{"self":[{"href":"https:\/\/segitunkhalehet.hu\/en\/wp-json\/wp\/v2\/product\/553","targetHints":{"allow":["GET"]}}],"collection":[{"href":"https:\/\/segitunkhalehet.hu\/en\/wp-json\/wp\/v2\/product"}],"about":[{"href":"https:\/\/segitunkhalehet.hu\/en\/wp-json\/wp\/v2\/types\/product"}],"wp:featuredmedia":[{"embeddable":true,"href":"https:\/\/segitunkhalehet.hu\/en\/wp-json\/wp\/v2\/media\/1039"}],"wp:attachment":[{"href":"https:\/\/segitunkhalehet.hu\/en\/wp-json\/wp\/v2\/media?parent=553"}],"wp:term":[{"taxonomy":"product_brand","embeddable":true,"href":"https:\/\/segitunkhalehet.hu\/en\/wp-json\/wp\/v2\/product_brand?post=553"},{"taxonomy":"product_cat","embeddable":true,"href":"https:\/\/segitunkhalehet.hu\/en\/wp-json\/wp\/v2\/product_cat?post=553"},{"taxonomy":"product_tag","embeddable":true,"href":"https:\/\/segitunkhalehet.hu\/en\/wp-json\/wp\/v2\/product_tag?post=553"}],"curies":[{"name":"wp","href":"https:\/\/api.w.org\/{rel}","templated":true}]}}