{"id":1737,"date":"2023-01-08T15:22:45","date_gmt":"2023-01-08T14:22:45","guid":{"rendered":"https:\/\/segitunkhalehet.hu\/booking-an-appointment\/"},"modified":"2023-02-23T11:58:43","modified_gmt":"2023-02-23T10:58:43","slug":"booking-an-appointment","status":"publish","type":"page","link":"https:\/\/segitunkhalehet.hu\/en\/booking-an-appointment\/","title":{"rendered":"Booking an appointment"},"content":{"rendered":"<div class=\"gb-container gb-container-85b489eb\"><div class=\"gb-inside-container\">\n<div class=\"gb-grid-wrapper gb-grid-wrapper-8f0b2dd9\">\n<div class=\"gb-grid-column gb-grid-column-cf46f12d\"><div class=\"gb-container gb-container-cf46f12d\"><div class=\"gb-inside-container\"><\/div><\/div><\/div>\n\n<div class=\"gb-grid-column gb-grid-column-accfb83b\"><div class=\"gb-container gb-container-accfb83b\"><div class=\"gb-inside-container\">\n\n<h2 class=\"gb-headline gb-headline-9dfe638a gb-headline-text\">Booking an appointment<\/h2>\n\n\n\n<hr class=\"wp-block-separator has-text-color has-primary-color has-alpha-channel-opacity has-primary-background-color has-background is-style-default center\"\/>\n\n\n\n<p class=\"has-text-align-center\">To book an appointment, please select the person and service you would like to book an appointment for.<\/p>\n\n<\/div><\/div><\/div>\n\n<div class=\"gb-grid-column gb-grid-column-fe5e9e53\"><div class=\"gb-container gb-container-fe5e9e53\"><div class=\"gb-inside-container\"><\/div><\/div><\/div>\n<\/div>\n<\/div><\/div>\n\n<section class=\"gb-container gb-container-602d7e94\"><div class=\"gb-inside-container\">\n<div class=\"gb-grid-wrapper gb-grid-wrapper-31aec108\">\n<div class=\"gb-grid-column gb-grid-column-e9ec81a5\"><div class=\"gb-container gb-container-e9ec81a5\"><div class=\"gb-inside-container\"><\/div><\/div><\/div>\n\n<div class=\"gb-grid-column gb-grid-column-2fb1dfb1\"><div class=\"gb-container gb-container-2fb1dfb1\"><div class=\"gb-inside-container\">\n\n<div class=\"wp-block-contact-form-7-contact-form-selector\">\n<div class=\"wpcf7 no-js\" id=\"wpcf7-f1750-o1\" lang=\"en-US\" dir=\"ltr\" data-wpcf7-id=\"1750\">\n<div class=\"screen-reader-response\"><p role=\"status\" aria-live=\"polite\" aria-atomic=\"true\"><\/p> <ul><\/ul><\/div>\n<form action=\"\/en\/wp-json\/wp\/v2\/pages\/1737#wpcf7-f1750-o1\" method=\"post\" class=\"wpcf7-form init\" aria-label=\"Contact form\" novalidate=\"novalidate\" data-status=\"init\">\n<fieldset class=\"hidden-fields-container\"><input type=\"hidden\" name=\"_wpcf7\" value=\"1750\" \/><input type=\"hidden\" name=\"_wpcf7_version\" value=\"6.1.4\" \/><input type=\"hidden\" name=\"_wpcf7_locale\" value=\"en_US\" \/><input type=\"hidden\" name=\"_wpcf7_unit_tag\" value=\"wpcf7-f1750-o1\" \/><input type=\"hidden\" name=\"_wpcf7_container_post\" value=\"0\" \/><input type=\"hidden\" name=\"_wpcf7_posted_data_hash\" value=\"\" \/>\n<\/fieldset>\n<div class=\"row\">\n\t<div class=\"col\">\n\t\t<p><label> Name<br \/>\n<span class=\"wpcf7-form-control-wrap\" data-name=\"your-name\"><input size=\"40\" maxlength=\"400\" class=\"wpcf7-form-control wpcf7-text wpcf7-validates-as-required\" autocomplete=\"name\" aria-required=\"true\" aria-invalid=\"false\" value=\"\" type=\"text\" name=\"your-name\" \/><\/span> <\/label>\n\t\t<\/p>\n\t<\/div>\n\t<div class=\"col\">\n\t\t<p><label> E-mail<br \/>\n<span class=\"wpcf7-form-control-wrap\" data-name=\"your-email\"><input size=\"40\" maxlength=\"400\" class=\"wpcf7-form-control wpcf7-email wpcf7-validates-as-required wpcf7-text wpcf7-validates-as-email\" autocomplete=\"email\" aria-required=\"true\" aria-invalid=\"false\" value=\"\" type=\"email\" name=\"your-email\" \/><\/span> <\/label>\n\t\t<\/p>\n\t<\/div>\n<\/div>\n<p><label> Phone<br \/>\n<span class=\"wpcf7-form-control-wrap\" data-name=\"your-phone\"><input size=\"40\" maxlength=\"400\" class=\"wpcf7-form-control wpcf7-text wpcf7-validates-as-required\" aria-required=\"true\" aria-invalid=\"false\" value=\"\" type=\"text\" name=\"your-phone\" \/><\/span> <\/label>\n<\/p>\n<div class=\"row\">\n\t<div class=\"col\">\n\t\t<p><label> Coach<br \/>\n<span class=\"wpcf7-form-control-wrap\" data-name=\"menu-848\"><select class=\"wpcf7-form-control wpcf7-select\" aria-invalid=\"false\" name=\"menu-848\"><option value=\"\">&#8212;Please choose an option&#8212;<\/option><option value=\"Sebesty\u00e9n Domj\u00e1n\">Sebesty\u00e9n Domj\u00e1n<\/option><option value=\"Marcell Rajna\">Marcell Rajna<\/option><option value=\"Julianna Kiss\">Julianna Kiss<\/option><option value=\"Gy\u00f6rgy \u00c1d\u00e1m Kiss\">Gy\u00f6rgy \u00c1d\u00e1m Kiss<\/option><option value=\"S\u00e1ndor Klein\">S\u00e1ndor Klein<\/option><option value=\"Support\">Support<\/option><\/select><\/span> <\/label>\n\t\t<\/p>\n\t<\/div>\n\t<div class=\"col\">\n\t\t<p><label> Services<br \/>\n<span class=\"wpcf7-form-control-wrap\" data-name=\"menu-411\"><select class=\"wpcf7-form-control wpcf7-select\" aria-invalid=\"false\" name=\"menu-411\"><option value=\"\">&#8212;Please choose an option&#8212;<\/option><option value=\"Recruitment\">Recruitment<\/option><option value=\"Counselling\">Counselling<\/option><option value=\"Coaching\">Coaching<\/option><option value=\"Data-analytics\">Data-analytics<\/option><option value=\"Career counscelling and vocational guidance\">Career counscelling and vocational guidance<\/option><option value=\"Dienes games\">Dienes games<\/option><option value=\"Team-coaching\">Team-coaching<\/option><option value=\"Personalised questionnaire preparation\">Personalised questionnaire preparation<\/option><option value=\"Online testing\">Online testing<\/option><option value=\"Feedback &amp; consultation\">Feedback &amp; consultation<\/option><\/select><\/span> <\/label>\n\t\t<\/p>\n\t<\/div>\n<\/div>\n<p><label> Message (optional)<br \/>\n<span class=\"wpcf7-form-control-wrap\" data-name=\"your-message\"><textarea cols=\"40\" rows=\"10\" maxlength=\"2000\" class=\"wpcf7-form-control wpcf7-textarea\" aria-invalid=\"false\" name=\"your-message\"><\/textarea><\/span> <\/label>\n<\/p>\n<p><span class=\"wpcf7-form-control-wrap\" data-name=\"adatkezeles\"><span class=\"wpcf7-form-control wpcf7-acceptance\"><span class=\"wpcf7-list-item\"><label><input type=\"checkbox\" name=\"adatkezeles\" value=\"1\" aria-invalid=\"false\" \/><span class=\"wpcf7-list-item-label\">Please accept the <a href=\"https:\/\/segitunkhalehet.hu\/wp-content\/uploads\/2023\/02\/Data-Protection-Notice_SHLAA.pdf\">data management conditions<\/a>!<\/span><\/label><\/span><\/span><\/span>\n<\/p>\n<p><input class=\"wpcf7-form-control wpcf7-submit has-spinner button\" type=\"submit\" value=\"Send\" \/>\n<\/p><div class=\"wpcf7-response-output\" aria-hidden=\"true\"><\/div>\n<\/form>\n<\/div>\n<\/div>\n\n<\/div><\/div><\/div>\n\n<div class=\"gb-grid-column gb-grid-column-800f555b\"><div class=\"gb-container gb-container-800f555b\"><div class=\"gb-inside-container\"><\/div><\/div><\/div>\n<\/div>\n<\/div><\/section>","protected":false},"excerpt":{"rendered":"","protected":false},"author":1,"featured_media":0,"parent":0,"menu_order":0,"comment_status":"closed","ping_status":"closed","template":"","meta":{"footnotes":""},"class_list":["post-1737","page","type-page","status-publish"],"jetpack_sharing_enabled":true,"_links":{"self":[{"href":"https:\/\/segitunkhalehet.hu\/en\/wp-json\/wp\/v2\/pages\/1737","targetHints":{"allow":["GET"]}}],"collection":[{"href":"https:\/\/segitunkhalehet.hu\/en\/wp-json\/wp\/v2\/pages"}],"about":[{"href":"https:\/\/segitunkhalehet.hu\/en\/wp-json\/wp\/v2\/types\/page"}],"author":[{"embeddable":true,"href":"https:\/\/segitunkhalehet.hu\/en\/wp-json\/wp\/v2\/users\/1"}],"replies":[{"embeddable":true,"href":"https:\/\/segitunkhalehet.hu\/en\/wp-json\/wp\/v2\/comments?post=1737"}],"version-history":[{"count":2,"href":"https:\/\/segitunkhalehet.hu\/en\/wp-json\/wp\/v2\/pages\/1737\/revisions"}],"predecessor-version":[{"id":1752,"href":"https:\/\/segitunkhalehet.hu\/en\/wp-json\/wp\/v2\/pages\/1737\/revisions\/1752"}],"wp:attachment":[{"href":"https:\/\/segitunkhalehet.hu\/en\/wp-json\/wp\/v2\/media?parent=1737"}],"curies":[{"name":"wp","href":"https:\/\/api.w.org\/{rel}","templated":true}]}}