{"id":1672,"date":"2023-01-08T15:22:03","date_gmt":"2023-01-08T14:22:03","guid":{"rendered":"https:\/\/segitunkhalehet.hu\/dienes-games\/"},"modified":"2023-02-21T23:52:12","modified_gmt":"2023-02-21T22:52:12","slug":"dienes-games","status":"publish","type":"page","link":"https:\/\/segitunkhalehet.hu\/en\/dienes-games\/","title":{"rendered":"Dienes games"},"content":{"rendered":"<div class=\"gb-container gb-container-85b489eb\"><div class=\"gb-inside-container\">\n<div class=\"gb-grid-wrapper gb-grid-wrapper-8f0b2dd9\">\n<div class=\"gb-grid-column gb-grid-column-cf46f12d\"><div class=\"gb-container gb-container-cf46f12d\"><div class=\"gb-inside-container\"><\/div><\/div><\/div>\n\n<div class=\"gb-grid-column gb-grid-column-accfb83b\"><div class=\"gb-container gb-container-accfb83b\"><div class=\"gb-inside-container\">\n\n<h2 class=\"gb-headline gb-headline-ab8830ba gb-headline-text\">Dienes games<\/h2>\n\n\n\n<hr class=\"wp-block-separator has-text-color has-primary-color has-alpha-channel-opacity has-primary-background-color has-background is-style-default center\"\/>\n\n<\/div><\/div><\/div>\n\n<div class=\"gb-grid-column gb-grid-column-fe5e9e53\"><div class=\"gb-container gb-container-fe5e9e53\"><div class=\"gb-inside-container\"><\/div><\/div><\/div>\n<\/div>\n<\/div><\/div><section class=\"gb-container gb-container-602d7e94\"><div class=\"gb-inside-container\">\n<div class=\"gb-grid-wrapper gb-grid-wrapper-31aec108\">\n<div class=\"gb-grid-column gb-grid-column-e9ec81a5\"><div class=\"gb-container gb-container-e9ec81a5\"><div class=\"gb-inside-container\">\n\n<figure class=\"gb-block-image gb-block-image-315927f1\"><img loading=\"lazy\" decoding=\"async\" width=\"360\" height=\"542\" class=\"gb-image gb-image-315927f1\" src=\"http:\/\/segitunkhalehet.node8.macroweb.hu\/wp-content\/uploads\/2023\/01\/image.jpeg\" alt=\"\" title=\"image\" srcset=\"https:\/\/segitunkhalehet.hu\/wp-content\/uploads\/2023\/01\/image.jpeg 360w, https:\/\/segitunkhalehet.hu\/wp-content\/uploads\/2023\/01\/image-199x300.jpeg 199w, https:\/\/segitunkhalehet.hu\/wp-content\/uploads\/2023\/01\/image-300x452.jpeg 300w\" sizes=\"auto, (max-width: 360px) 100vw, 360px\" \/><\/figure>\n\n<\/div><\/div><\/div>\n\n<div class=\"gb-grid-column gb-grid-column-2fb1dfb1\"><div class=\"gb-container gb-container-2fb1dfb1\"><div class=\"gb-inside-container\">\n\n<h2 class=\"gb-headline gb-headline-fbe4407a gb-headline-text\">About Prof. Zoltan Dienes<\/h2>\n\n\n\n<p>Professor Zoltan Dienes is one of the most well-knowned and most impressive figure of the 20th centuries mathetmatic teaching reforms. The essence of his wonderful ability has been to translate a significant portion of mathematical problems into games. Playing his games many children and grownups got closer unperceivedly to mathematical thinking. The clear phrasing of his games purposes are: creativity, application, correspondence of its purpose at high-standards. He is one of the greatest \u2013 if not the one \u2013 reformers of mathematic education in Hungary. <\/p>\n\n\n\n<p>\u201c<em>Both of us are his friends and also his followers. He mesmerized us towards playful mathematic education by his enthusiasm, humane and sparkling spirit.<br\/>We were with him in schools. We took conversative friendly walks with him. We gave him the Honorary Doctorate by the P\u00e9csi Tudom\u00e1nyegyetem on a moving and remarkable occasion. And so, we were their with his family when we said fairwell.<\/em><\/p>\n\n\n\n<p><em>We wish to keep his heritage alive, to let their thoughts, games and books to prove for many who\u2019ll come, that thinking is right, and that learning mathematic could and should be a pleasure for everyone.\u201d<\/em><\/p>\n\n\n\n<p><em>Julianna Kiss and S\u00e1ndor Klein<\/em><\/p>\n\n<\/div><\/div><\/div>\n<\/div>\n<\/div><\/section><section class=\"gb-container gb-container-e492c108\"><div class=\"gb-inside-container\">\n<div class=\"home_games\">        <div class=\"\">\n            <div class=\"post\">\n                <figure class=\"thumbnail\"><a href=\"https:\/\/segitunkhalehet.hu\/en\/termek\/the-forest-game\/\"><img loading=\"lazy\" decoding=\"async\" width=\"600\" height=\"600\" src=\"https:\/\/segitunkhalehet.hu\/wp-content\/uploads\/2023\/01\/erdok-jateka.jpg\" class=\"attachment-shop_single size-shop_single wp-post-image\" alt=\"\" srcset=\"https:\/\/segitunkhalehet.hu\/wp-content\/uploads\/2023\/01\/erdok-jateka.jpg 600w, https:\/\/segitunkhalehet.hu\/wp-content\/uploads\/2023\/01\/erdok-jateka-300x300.jpg 300w, https:\/\/segitunkhalehet.hu\/wp-content\/uploads\/2023\/01\/erdok-jateka-150x150.jpg 150w, https:\/\/segitunkhalehet.hu\/wp-content\/uploads\/2023\/01\/erdok-jateka-100x100.jpg 100w\" sizes=\"auto, (max-width: 600px) 100vw, 600px\" \/><\/a><\/figure>                <div class=\"content\">\n                    <h4><a href=\"https:\/\/segitunkhalehet.hu\/en\/termek\/the-forest-game\/\">The Forest Game<\/a><\/h4>\n                    <p class=\"author\"><em>Zolt\u00e1n Dienes<\/em><\/p>                    <p><p>There are more and more toys that are educational and help children to develop while playing. One example is The Forest Game, which is designed to make learning mathematics interesting for children.<\/p>\n<\/p>\n                    <div class=\"wc-block-grid__product-price price\"><span class=\"woocommerce-Price-amount amount\"><bdi>5600&nbsp;<span class=\"woocommerce-Price-currencySymbol\">&#70;&#116;<\/span><\/bdi><\/span><\/div>\n                    <a href=\"\/en\/wp-json\/wp\/v2\/pages\/1672?add-to-cart=1852\" aria-describedby=\"woocommerce_loop_add_to_cart_link_describedby_1852\" data-quantity=\"1\" class=\"button product_type_simple add_to_cart_button ajax_add_to_cart\" data-product_id=\"1852\" data-product_sku=\"\" aria-label=\"Add to cart: &ldquo;The Forest Game&rdquo;\" rel=\"nofollow\" data-success_message=\"&ldquo;The Forest Game&rdquo; has been added to your cart\" role=\"button\">Buy Now<\/a>\t<span id=\"woocommerce_loop_add_to_cart_link_describedby_1852\" class=\"screen-reader-text\">\n\t\t\t<\/span>\n                <\/div>\n            <\/div>\n        <\/div>\n                <div class=\"\">\n            <div class=\"post\">\n                <figure class=\"thumbnail\"><a href=\"https:\/\/segitunkhalehet.hu\/en\/termek\/who-goes-to-the-castle\/\"><img loading=\"lazy\" decoding=\"async\" width=\"600\" height=\"600\" src=\"https:\/\/segitunkhalehet.hu\/wp-content\/uploads\/2023\/01\/ki-jut-a-varba.jpg\" class=\"attachment-shop_single size-shop_single wp-post-image\" alt=\"\" srcset=\"https:\/\/segitunkhalehet.hu\/wp-content\/uploads\/2023\/01\/ki-jut-a-varba.jpg 600w, https:\/\/segitunkhalehet.hu\/wp-content\/uploads\/2023\/01\/ki-jut-a-varba-300x300.jpg 300w, https:\/\/segitunkhalehet.hu\/wp-content\/uploads\/2023\/01\/ki-jut-a-varba-150x150.jpg 150w, https:\/\/segitunkhalehet.hu\/wp-content\/uploads\/2023\/01\/ki-jut-a-varba-100x100.jpg 100w\" sizes=\"auto, (max-width: 600px) 100vw, 600px\" \/><\/a><\/figure>                <div class=\"content\">\n                    <h4><a href=\"https:\/\/segitunkhalehet.hu\/en\/termek\/who-goes-to-the-castle\/\">Who goes to the Castle?<\/a><\/h4>\n                    <p class=\"author\"><em>Zolt\u00e1n Dienes<\/em><\/p>                    <p><p>Professor Dienes&#8217; games are not only interesting and entertaining, but also develop thinking skills. And who doesn&#8217;t want to think better, more logically?<\/p>\n<\/p>\n                    <div class=\"wc-block-grid__product-price price\"><span class=\"woocommerce-Price-amount amount\"><bdi>5600&nbsp;<span class=\"woocommerce-Price-currencySymbol\">&#70;&#116;<\/span><\/bdi><\/span><\/div>\n                    <a href=\"\/en\/wp-json\/wp\/v2\/pages\/1672?add-to-cart=1853\" aria-describedby=\"woocommerce_loop_add_to_cart_link_describedby_1853\" data-quantity=\"1\" class=\"button product_type_simple add_to_cart_button ajax_add_to_cart\" data-product_id=\"1853\" data-product_sku=\"\" aria-label=\"Add to cart: &ldquo;Who goes to the Castle?&rdquo;\" rel=\"nofollow\" data-success_message=\"&ldquo;Who goes to the Castle?&rdquo; has been added to your cart\" role=\"button\">Buy Now<\/a>\t<span id=\"woocommerce_loop_add_to_cart_link_describedby_1853\" class=\"screen-reader-text\">\n\t\t\t<\/span>\n                <\/div>\n            <\/div>\n        <\/div>\n        <\/div>\n<\/div><\/section><div class=\"gb-container gb-container-12df8814\"><div class=\"gb-inside-container\">\n<div class=\"gb-grid-wrapper gb-grid-wrapper-2d34709d\">\n<div class=\"gb-grid-column gb-grid-column-3f667cb4\"><div class=\"gb-container gb-container-3f667cb4\"><div class=\"gb-inside-container\"><\/div><\/div><\/div>\n\n<div class=\"gb-grid-column gb-grid-column-eed8b7fa\"><div class=\"gb-container gb-container-eed8b7fa\"><div class=\"gb-inside-container\">\n\n<h2 class=\"has-text-align-center wp-block-heading\" style=\"text-transform:uppercase\">Videos<\/h2>\n\n\n\n<hr class=\"wp-block-separator has-text-color has-primary-color has-alpha-channel-opacity has-primary-background-color has-background is-style-default center\"\/>\n\n\n\n<p class=\"has-text-align-center\"><\/p>\n\n<\/div><\/div><\/div>\n\n<div class=\"gb-grid-column gb-grid-column-098e2b8c\"><div class=\"gb-container gb-container-098e2b8c\"><div class=\"gb-inside-container\"><\/div><\/div><\/div>\n<\/div>\n<\/div><\/div><section class=\"gb-container gb-container-0c49922f\"><div class=\"gb-inside-container\">\n<div class=\"gb-grid-wrapper gb-grid-wrapper-4e1b72b6\">\n<div class=\"gb-grid-column gb-grid-column-4cd4ad50\"><div class=\"gb-container gb-container-4cd4ad50\"><div class=\"gb-inside-container\">\n\n<h5 class=\"gb-headline gb-headline-79bc2c49 gb-headline-text\">Dienes daily performance<\/h5>\n\n\n\n<figure class=\"wp-block-embed is-type-video is-provider-youtube wp-block-embed-youtube wp-embed-aspect-16-9 wp-has-aspect-ratio\"><div class=\"wp-block-embed__wrapper\">\n<iframe loading=\"lazy\" title=\"Dienes napi el\u0151ad\u00e1s\" width=\"1200\" height=\"675\" src=\"https:\/\/www.youtube.com\/embed\/EBByCYTv27M?feature=oembed\" frameborder=\"0\" allow=\"accelerometer; autoplay; clipboard-write; encrypted-media; gyroscope; picture-in-picture; web-share\" allowfullscreen><\/iframe>\n<\/div><\/figure>\n\n<\/div><\/div><\/div>\n\n<div class=\"gb-grid-column gb-grid-column-f8b30c07\"><div class=\"gb-container gb-container-f8b30c07\"><div class=\"gb-inside-container\">\n\n<h5 class=\"gb-headline gb-headline-f6fd0d8a gb-headline-text\">Presentation of Honorary Doctorate to Zolt\u00e1n Dienes<\/h5>\n\n\n\n<figure class=\"wp-block-embed is-type-video is-provider-youtube wp-block-embed-youtube wp-embed-aspect-16-9 wp-has-aspect-ratio\"><div class=\"wp-block-embed__wrapper\">\n<iframe loading=\"lazy\" title=\"Presentation of Honorary Doctorate to Zolt\u00e1n Dienes\" width=\"1200\" height=\"675\" src=\"https:\/\/www.youtube.com\/embed\/DIQAg-xH2Sc?feature=oembed\" frameborder=\"0\" allow=\"accelerometer; autoplay; clipboard-write; encrypted-media; gyroscope; picture-in-picture; web-share\" allowfullscreen><\/iframe>\n<\/div><\/figure>\n\n<\/div><\/div><\/div>\n<\/div>\n\n<div class=\"gb-grid-wrapper gb-grid-wrapper-2204b0f1\">\n<div class=\"gb-grid-column gb-grid-column-617c4364\"><div class=\"gb-container gb-container-617c4364\"><div class=\"gb-inside-container\">\n\n<h5 class=\"gb-headline gb-headline-b57a0298 gb-headline-text\">Interview with Zoltan Dienes<\/h5>\n\n\n\n<figure class=\"wp-block-embed is-type-video is-provider-youtube wp-block-embed-youtube wp-embed-aspect-16-9 wp-has-aspect-ratio\"><div class=\"wp-block-embed__wrapper\">\n<iframe loading=\"lazy\" title=\"Interj\u00fak Dienes Zolt\u00e1nnal\" width=\"1200\" height=\"675\" src=\"https:\/\/www.youtube.com\/embed\/6wBwG7uPNT8?feature=oembed\" frameborder=\"0\" allow=\"accelerometer; autoplay; clipboard-write; encrypted-media; gyroscope; picture-in-picture; web-share\" allowfullscreen><\/iframe>\n<\/div><\/figure>\n\n<\/div><\/div><\/div>\n\n<div class=\"gb-grid-column gb-grid-column-19aa0a8b\"><div class=\"gb-container gb-container-19aa0a8b\"><div class=\"gb-inside-container\">\n\n<h5 class=\"gb-headline gb-headline-ad143910 gb-headline-text\">Zolt\u00e1n Dienes: Memoirs of a Maverick Mathematician<\/h5>\n\n\n\n<figure class=\"wp-block-embed is-type-video is-provider-youtube wp-block-embed-youtube wp-embed-aspect-16-9 wp-has-aspect-ratio\"><div class=\"wp-block-embed__wrapper\">\n<iframe loading=\"lazy\" title=\"Dienes Zolt\u00e1n: J\u00e1t\u00e9k az \u00e9letem k\u00f6nyvbemutat\u00f3 a FEEK-en\" width=\"1200\" height=\"675\" src=\"https:\/\/www.youtube.com\/embed\/rLkBPPolTKM?feature=oembed\" frameborder=\"0\" allow=\"accelerometer; autoplay; clipboard-write; encrypted-media; gyroscope; picture-in-picture; web-share\" allowfullscreen><\/iframe>\n<\/div><\/figure>\n\n<\/div><\/div><\/div>\n<\/div>\n\n<div class=\"gb-grid-wrapper gb-grid-wrapper-be31fc97\">\n<div class=\"gb-grid-column gb-grid-column-1b253758\"><div class=\"gb-container gb-container-1b253758\"><div class=\"gb-inside-container\">\n\n<h5 class=\"gb-headline gb-headline-e03a068f gb-headline-text\">Remembering Zolt\u00e1n Dienes<\/h5>\n\n\n\n<figure class=\"wp-block-embed is-type-video is-provider-youtube wp-block-embed-youtube wp-embed-aspect-16-9 wp-has-aspect-ratio\"><div class=\"wp-block-embed__wrapper\">\n<iframe loading=\"lazy\" title=\"Eml\u00e9kez\u00e9s Dienes Zolt\u00e1nra\" width=\"1200\" height=\"675\" src=\"https:\/\/www.youtube.com\/embed\/N6BP6W9ODz4?feature=oembed\" frameborder=\"0\" allow=\"accelerometer; autoplay; clipboard-write; encrypted-media; gyroscope; picture-in-picture; web-share\" allowfullscreen><\/iframe>\n<\/div><\/figure>\n\n<\/div><\/div><\/div>\n\n<div class=\"gb-grid-column gb-grid-column-d40677a7\"><div class=\"gb-container gb-container-d40677a7\"><div class=\"gb-inside-container\">\n\n<h5 class=\"gb-headline gb-headline-1ae3318f gb-headline-text\">The joy of learning<\/h5>\n\n\n\n<figure class=\"wp-block-embed is-type-video is-provider-youtube wp-block-embed-youtube wp-embed-aspect-16-9 wp-has-aspect-ratio\"><div class=\"wp-block-embed__wrapper\">\n<iframe loading=\"lazy\" title=\"A tanul\u00e1s \u00f6r\u00f6me\" width=\"1200\" height=\"675\" src=\"https:\/\/www.youtube.com\/embed\/R54dxWIK68o?feature=oembed\" frameborder=\"0\" allow=\"accelerometer; autoplay; clipboard-write; encrypted-media; gyroscope; picture-in-picture; web-share\" allowfullscreen><\/iframe>\n<\/div><\/figure>\n\n<\/div><\/div><\/div>\n<\/div>\n<\/div><\/section>","protected":false},"excerpt":{"rendered":"","protected":false},"author":1,"featured_media":0,"parent":0,"menu_order":0,"comment_status":"closed","ping_status":"closed","template":"","meta":{"footnotes":""},"class_list":["post-1672","page","type-page","status-publish"],"jetpack_sharing_enabled":true,"_links":{"self":[{"href":"https:\/\/segitunkhalehet.hu\/en\/wp-json\/wp\/v2\/pages\/1672","targetHints":{"allow":["GET"]}}],"collection":[{"href":"https:\/\/segitunkhalehet.hu\/en\/wp-json\/wp\/v2\/pages"}],"about":[{"href":"https:\/\/segitunkhalehet.hu\/en\/wp-json\/wp\/v2\/types\/page"}],"author":[{"embeddable":true,"href":"https:\/\/segitunkhalehet.hu\/en\/wp-json\/wp\/v2\/users\/1"}],"replies":[{"embeddable":true,"href":"https:\/\/segitunkhalehet.hu\/en\/wp-json\/wp\/v2\/comments?post=1672"}],"version-history":[{"count":3,"href":"https:\/\/segitunkhalehet.hu\/en\/wp-json\/wp\/v2\/pages\/1672\/revisions"}],"predecessor-version":[{"id":1736,"href":"https:\/\/segitunkhalehet.hu\/en\/wp-json\/wp\/v2\/pages\/1672\/revisions\/1736"}],"wp:attachment":[{"href":"https:\/\/segitunkhalehet.hu\/en\/wp-json\/wp\/v2\/media?parent=1672"}],"curies":[{"name":"wp","href":"https:\/\/api.w.org\/{rel}","templated":true}]}}